{"id":9848,"date":"2024-08-09T02:12:13","date_gmt":"2024-08-09T00:12:13","guid":{"rendered":"https:\/\/diplomatie.gov.bf\/?page_id=9848"},"modified":"2026-03-16T10:01:01","modified_gmt":"2026-03-16T10:01:01","slug":"attributions","status":"publish","type":"page","link":"https:\/\/diplomatie.gov.bf\/index.php\/attributions\/","title":{"rendered":"Attributions"},"content":{"rendered":"\t\t<div data-elementor-type=\"wp-page\" data-elementor-id=\"9848\" class=\"elementor elementor-9848\" data-elementor-post-type=\"page\">\n\t\t\t\t<div data-particle_enable=\"false\" data-particle-mobile-disabled=\"false\" class=\"elementor-element elementor-element-17bbd2d e-flex e-con-boxed e-con e-parent\" data-id=\"17bbd2d\" data-element_type=\"container\" data-e-type=\"container\">\n\t\t\t\t\t<div class=\"e-con-inner\">\n\t\t\t\t<div class=\"elementor-element elementor-element-b357036 elementor-widget elementor-widget-text-editor\" data-id=\"b357036\" data-element_type=\"widget\" data-e-type=\"widget\" data-settings=\"{&quot;ekit_we_effect_on&quot;:&quot;none&quot;}\" data-widget_type=\"text-editor.default\">\n\t\t\t\t<div class=\"elementor-widget-container\">\n\t\t\t\t\t\t\t\t\t<p>Selon l\u2019article 9 du <strong>D\u00e9cret n\u00b02024-1022\/PRES\/PM\u00a0 du 02 septembre 2024<\/strong><strong>, portant attributions des membres du gouvernement<\/strong>, le Minist\u00e8re des Affaires \u00e9trang\u00e8res, de la Coop\u00e9ration r\u00e9gionale et des Burkinab\u00e8 de l&rsquo;Ext\u00e9rieur \u00ab assure la mise en oeuvre et le suivi de la politique \u00e9trang\u00e8re et de coop\u00e9ration du Gouvernement, la promotion des int\u00e9r\u00eats du Burkina Faso dans tous les domaines aupr\u00e8s des pays \u00e9trangers et au sein des organisations internationales ainsi que de la valorisation et de l&rsquo;implication des Burkinab\u00e8 de l&rsquo;ext\u00e9rieur aux actions de d\u00e9veloppement national. \u00bb.<\/p><p>A ce titre, il est charg\u00e9 sp\u00e9cifiquement de ce qui suit\u00a0:<\/p>\t\t\t\t\t\t\t\t<\/div>\n\t\t\t\t<\/div>\n\t\t\t\t<div class=\"elementor-element elementor-element-6fe6205 elementor-widget elementor-widget-elementskit-heading\" data-id=\"6fe6205\" data-element_type=\"widget\" data-e-type=\"widget\" data-settings=\"{&quot;ekit_we_effect_on&quot;:&quot;none&quot;}\" data-widget_type=\"elementskit-heading.default\">\n\t\t\t\t<div class=\"elementor-widget-container\">\n\t\t\t\t\t<div class=\"ekit-wid-con\" ><div class=\"ekit-heading elementskit-section-title-wraper text_left   ekit_heading_tablet-   ekit_heading_mobile-\"><h2 class=\"ekit-heading--title elementskit-section-title \">En mati\u00e8re de politique \u00e9trang\u00e8re<\/h2><div class=\"ekit_heading_separetor_wraper ekit_heading_elementskit-border-divider ekit-dotted\"><div class=\"elementskit-border-divider ekit-dotted\"><\/div><\/div><\/div><\/div>\t\t\t\t<\/div>\n\t\t\t\t<\/div>\n\t\t\t\t<div class=\"elementor-element elementor-element-a7cbfa3 elementor-widget elementor-widget-text-editor\" data-id=\"a7cbfa3\" data-element_type=\"widget\" data-e-type=\"widget\" data-settings=\"{&quot;ekit_we_effect_on&quot;:&quot;none&quot;}\" data-widget_type=\"text-editor.default\">\n\t\t\t\t<div class=\"elementor-widget-container\">\n\t\t\t\t\t\t\t\t\t<ul><li>de la coordination de l&rsquo;action diplomatique et de la coop\u00e9ration en relation avec les Ministres concern\u00e9es;<\/li><li>de l&rsquo;information du Gouvernement sur l&rsquo; \u00e9volution des \u00e9v\u00e8nements dans le monde;<\/li><li>de l&rsquo;organisation et de la gestion de la repr\u00e9sentation diplomatique et consulaire du Burkina Faso;<\/li><li>de la gestion des relations avec les missions diplomatiques et consulaires accr\u00e9dit\u00e9es au Burkina Faso;<\/li><li>de la veille g\u00e9opolitique et g\u00e9ostrat\u00e9gique sur les \u00e9v\u00e8nements mondiaux pouvant impacter l&rsquo;action diplomatique du Burkina Faso ;<\/li><li>de la poursuite des efforts en faveur de la promotion de la paix et de la s\u00e9curit\u00e9 nationale, r\u00e9gionale et internationale en relation avec les Ministres concern\u00e9s ;<\/li><li>de la gestion du domaine de l&rsquo;Etat \u00e0 l&rsquo;\u00e9tranger en relation avec les Ministres concern\u00e9s;<\/li><\/ul>\t\t\t\t\t\t\t\t<\/div>\n\t\t\t\t<\/div>\n\t\t\t\t<div class=\"elementor-element elementor-element-7a221cf elementor-widget elementor-widget-elementskit-heading\" data-id=\"7a221cf\" data-element_type=\"widget\" data-e-type=\"widget\" data-settings=\"{&quot;ekit_we_effect_on&quot;:&quot;none&quot;}\" data-widget_type=\"elementskit-heading.default\">\n\t\t\t\t<div class=\"elementor-widget-container\">\n\t\t\t\t\t<div class=\"ekit-wid-con\" ><div class=\"ekit-heading elementskit-section-title-wraper text_left   ekit_heading_tablet-   ekit_heading_mobile-\"><h2 class=\"ekit-heading--title elementskit-section-title \">En mati\u00e8re de coop\u00e9ration bilat\u00e9rale<\/h2><div class=\"ekit_heading_separetor_wraper ekit_heading_elementskit-border-divider ekit-dotted\"><div class=\"elementskit-border-divider ekit-dotted\"><\/div><\/div><\/div><\/div>\t\t\t\t<\/div>\n\t\t\t\t<\/div>\n\t\t\t\t<div class=\"elementor-element elementor-element-c3e8cb0 elementor-widget elementor-widget-text-editor\" data-id=\"c3e8cb0\" data-element_type=\"widget\" data-e-type=\"widget\" data-settings=\"{&quot;ekit_we_effect_on&quot;:&quot;none&quot;}\" data-widget_type=\"text-editor.default\">\n\t\t\t\t<div class=\"elementor-widget-container\">\n\t\t\t\t\t\t\t\t\t<ul><li>de l&rsquo;organisation des Commissions Mixtes de coop\u00e9ration et des consultations bilat\u00e9rales avec les partenaires bilat\u00e9raux du Burkina Faso et du suivi de la mise<br \/>en oeuvre des conclusions qui en sont issues;<\/li><li>de la coordination, de la n\u00e9gociation, de la signature et du suivi de la mise en oeuvre des engagements bilat\u00e9raux du Burkina Faso en relation avec les Ministres concern\u00e9s;<\/li><li>du suivi et du traitement de toutes les questions touchant aux relations entre le Burkina Faso et les autres Etats en relation avec les Ministres concern\u00e9s;<\/li><li>de l&rsquo; accomplissement des formalit\u00e9s relatives \u00e0 l&rsquo;\u00e9tablissement des relations diplomatiques;<\/li><li>de la promotion de l&rsquo; intelligence \u00e9conomique du Burkina Faso \u00e0 l&rsquo;international en relation avec les Ministres concern\u00e9s ;<\/li><li>de la promotion de la coop\u00e9ration technique, scientifique et culturelle en collaboration avec les Ministres concern\u00e9s;<\/li><li>de la promotion de la coop\u00e9ration militaire bilat\u00e9rale et d&rsquo;en assurer leur suivi en relation avec les ministres concern\u00e9s;<\/li><li>de la promotion de la coop\u00e9ration d\u00e9centralis\u00e9e en relation avec les Ministres concern\u00e9s ;<\/li><\/ul>\t\t\t\t\t\t\t\t<\/div>\n\t\t\t\t<\/div>\n\t\t\t\t<div class=\"elementor-element elementor-element-3ee842d elementor-widget elementor-widget-elementskit-heading\" data-id=\"3ee842d\" data-element_type=\"widget\" data-e-type=\"widget\" data-settings=\"{&quot;ekit_we_effect_on&quot;:&quot;none&quot;}\" data-widget_type=\"elementskit-heading.default\">\n\t\t\t\t<div class=\"elementor-widget-container\">\n\t\t\t\t\t<div class=\"ekit-wid-con\" ><div class=\"ekit-heading elementskit-section-title-wraper text_left   ekit_heading_tablet-   ekit_heading_mobile-\"><h2 class=\"ekit-heading--title elementskit-section-title \">En mati\u00e8re de coop\u00e9ration multilat\u00e9rale<\/h2><div class=\"ekit_heading_separetor_wraper ekit_heading_elementskit-border-divider ekit-dotted\"><div class=\"elementskit-border-divider ekit-dotted\"><\/div><\/div><\/div><\/div>\t\t\t\t<\/div>\n\t\t\t\t<\/div>\n\t\t\t\t<div class=\"elementor-element elementor-element-f1413e6 elementor-widget elementor-widget-text-editor\" data-id=\"f1413e6\" data-element_type=\"widget\" data-e-type=\"widget\" data-settings=\"{&quot;ekit_we_effect_on&quot;:&quot;none&quot;}\" data-widget_type=\"text-editor.default\">\n\t\t\t\t<div class=\"elementor-widget-container\">\n\t\t\t\t\t\t\t\t\t<ul><li>du suivi et du traitement de toutes les questions concernant les relations entre le Burkina Faso et l&rsquo;Organisation des Nations Unies ainsi que les autres Organisations intergouvernementales non africaines;<\/li><li>de la promotion et de la d\u00e9fense des positions et des int\u00e9r\u00eats du Burkina Faso au sein de la Communaut\u00e9 internationale;<\/li><li>de la coordination, la n\u00e9gociation et la conclusion des Conventions, Trait\u00e9s et Accords Internationaux dans le cadre ou sous l&rsquo;\u00e9gide des Organisations Internationales en relation avec les Ministres concern\u00e9s;<\/li><li>du suivi des questions s\u00e9curitaires et de coop\u00e9ration militaire entre le Burkina Faso et l&rsquo; Organisation des Nations Unies ainsi que les autres Organisations intergouvernementales non africaines en relation avec les Ministres concern\u00e9s ;<\/li><li>du suivi et du traitement des questions de maintien de la paix et du d\u00e9sarmement dans le cadre de l&rsquo;Organisation des Nations Unies et des Organisations intergouvernementales non africaines en relation avec les Ministres concern\u00e9s;<\/li><li>de la promotion de l&rsquo;expertise burkinab\u00e8 au plan international;<\/li><li>de la n\u00e9gociation des soutiens aux candidatures du Burkina Faso dans les organisations internationales;<\/li><li>de la promotion des candidatures burkinab\u00e8 dans les organisations internationales;<\/li><li>de la promotion internationale du dialogue des cultures et des civilisations;<\/li><\/ul>\t\t\t\t\t\t\t\t<\/div>\n\t\t\t\t<\/div>\n\t\t\t\t<div class=\"elementor-element elementor-element-540f2f0 elementor-widget elementor-widget-elementskit-heading\" data-id=\"540f2f0\" data-element_type=\"widget\" data-e-type=\"widget\" data-settings=\"{&quot;ekit_we_effect_on&quot;:&quot;none&quot;}\" data-widget_type=\"elementskit-heading.default\">\n\t\t\t\t<div class=\"elementor-widget-container\">\n\t\t\t\t\t<div class=\"ekit-wid-con\" ><div class=\"ekit-heading elementskit-section-title-wraper text_left   ekit_heading_tablet-   ekit_heading_mobile-\"><h2 class=\"ekit-heading--title elementskit-section-title \">En mati\u00e8re de protection internationale et consulaire<\/h2><div class=\"ekit_heading_separetor_wraper ekit_heading_elementskit-border-divider ekit-dotted\"><div class=\"elementskit-border-divider ekit-dotted\"><\/div><\/div><\/div><\/div>\t\t\t\t<\/div>\n\t\t\t\t<\/div>\n\t\t\t\t<div class=\"elementor-element elementor-element-3ee800a elementor-widget elementor-widget-text-editor\" data-id=\"3ee800a\" data-element_type=\"widget\" data-e-type=\"widget\" data-settings=\"{&quot;ekit_we_effect_on&quot;:&quot;none&quot;}\" data-widget_type=\"text-editor.default\">\n\t\t\t\t<div class=\"elementor-widget-container\">\n\t\t\t\t\t\t\t\t\t<ul><li>de la coordination, de la n\u00e9gociation, de la signature et de la r\u00e9vision des trait\u00e9s et accords internationaux en relations avec les Ministres concern\u00e9s;<\/li><li>de la n\u00e9gociation et de l&rsquo;approbation des accords de si\u00e8ge en collaboration avec les Ministres concern\u00e9s ;<\/li><li>de l&rsquo;accomplissement des formalit\u00e9s de ratification, d&rsquo;approbation et d&rsquo;adh\u00e9sion aux trait\u00e9s et accords internationaux ainsi que leur publication, conservation et d\u00e9nonciation ;<\/li><li>de la d\u00e9livrance des copies certifi\u00e9es, de l&rsquo;interpr\u00e9tation et de l&rsquo; enregistrement des trait\u00e9s et accords internationaux aupr\u00e8s du secr\u00e9tariat g\u00e9n\u00e9ral de l&rsquo;Organisation des Nations Unies ;<\/li><li>de l&rsquo;authentification des documents et actes officiels et de leur traduction et r\u00e9vision en langues \u00e9trang\u00e8res ;<\/li><li>de la gestion de l&rsquo;\u00e9tat civil \u00e0 l&rsquo; \u00e9tranger ;<\/li><li>de l&rsquo;organisation des activit\u00e9s d&rsquo;interpr\u00e9tation en langues \u00e9trang\u00e8res;<\/li><li>de la gestion du protocole d&rsquo;Etat;<\/li><li>de la gestion des privil\u00e8ges et immunit\u00e9s diplomatiques en relation avec les Ministres concern\u00e9s;<\/li><li>de la d\u00e9livrance des pleins pouvoirs;<\/li><li>de la d\u00e9livrance des documents de voyages officiels;<\/li><li>de la gestion des r\u00e9fugi\u00e9s;<\/li><li>de la gestion des apatrides en relations avec les Ministres concern\u00e9s ;<\/li><li>de l&rsquo;application au Burkina Faso des conventions internationales et r\u00e9gionales et de la l\u00e9gislation nationale relatives au statut des r\u00e9fugi\u00e9s et des apatrides;<\/li><\/ul>\t\t\t\t\t\t\t\t<\/div>\n\t\t\t\t<\/div>\n\t\t\t\t<div class=\"elementor-element elementor-element-047668e elementor-widget elementor-widget-elementskit-heading\" data-id=\"047668e\" data-element_type=\"widget\" data-e-type=\"widget\" data-settings=\"{&quot;ekit_we_effect_on&quot;:&quot;none&quot;}\" data-widget_type=\"elementskit-heading.default\">\n\t\t\t\t<div class=\"elementor-widget-container\">\n\t\t\t\t\t<div class=\"ekit-wid-con\" ><div class=\"ekit-heading elementskit-section-title-wraper text_left   ekit_heading_tablet-   ekit_heading_mobile-\"><h2 class=\"ekit-heading--title elementskit-section-title \">En mati\u00e8re d'int\u00e9gration africaine<\/h2><div class=\"ekit_heading_separetor_wraper ekit_heading_elementskit-border-divider ekit-dotted\"><div class=\"elementskit-border-divider ekit-dotted\"><\/div><\/div><\/div><\/div>\t\t\t\t<\/div>\n\t\t\t\t<\/div>\n\t\t\t\t<div class=\"elementor-element elementor-element-d5776fa elementor-widget elementor-widget-text-editor\" data-id=\"d5776fa\" data-element_type=\"widget\" data-e-type=\"widget\" data-settings=\"{&quot;ekit_we_effect_on&quot;:&quot;none&quot;}\" data-widget_type=\"text-editor.default\">\n\t\t\t\t<div class=\"elementor-widget-container\">\n\t\t\t\t\t\t\t\t\t<ul><li>de la coordination, de la repr\u00e9sentation et de la participation du Burkina Faso aux instances des communaut\u00e9s d&rsquo; int\u00e9gration en relation avec les Ministres concern\u00e9s;<\/li><li>de la promotion et de la d\u00e9fense des positions et des int\u00e9r\u00eats du Burkina Faso au sein des ensembles \u00e0 vocation d&rsquo; int\u00e9gration sous r\u00e9gionale, r\u00e9gionale et continentale ;<\/li><li>de la promotion de la politique d&rsquo; int\u00e9gration r\u00e9gionale du Burkina Faso en relation avec les Ministres concern\u00e9s;<\/li><li>de la coordination et de l&rsquo;harmonisation des positions du Burkina Faso avec les Etats membres de la Conf\u00e9d\u00e9ration des Etats du sahel \u00ab Conf\u00e9d\u00e9ration AES \u00bb en relation avec les Ministres concern\u00e9s;<\/li><li>du renforcement de la solidarit\u00e9 entre les communaut\u00e9s \u00e9trang\u00e8res vivant au Burkina Faso;<\/li><li>de la mise en oeuvre et du suivi-\u00e9valuation des d\u00e9cisions du Conseil National du M\u00e9canisme Africain d&rsquo;Evaluation par les Pairs (CN-MAEP);<\/li><li>de la liaison administrative avec le secr\u00e9tariat du CN-MAEP, du secr\u00e9tariat du NEPAD et avec toutes autres institutions nationales, africaines et internationales concern\u00e9es par le M\u00e9canisme Africain d&rsquo;Evaluation par les Pairs;<\/li><li>de la r\u00e9daction du rapport d&rsquo;auto-\u00e9valuation fait par le M\u00e9canisme Africain d&rsquo;Evaluation par les Pairs sur recommandation du CN-MAEP ;<\/li><\/ul>\t\t\t\t\t\t\t\t<\/div>\n\t\t\t\t<\/div>\n\t\t\t\t<div class=\"elementor-element elementor-element-b3a1be7 elementor-widget elementor-widget-elementskit-heading\" data-id=\"b3a1be7\" data-element_type=\"widget\" data-e-type=\"widget\" data-settings=\"{&quot;ekit_we_effect_on&quot;:&quot;none&quot;}\" data-widget_type=\"elementskit-heading.default\">\n\t\t\t\t<div class=\"elementor-widget-container\">\n\t\t\t\t\t<div class=\"ekit-wid-con\" ><div class=\"ekit-heading elementskit-section-title-wraper text_left   ekit_heading_tablet-   ekit_heading_mobile-\"><h2 class=\"ekit-heading--title elementskit-section-title \">En mati\u00e8re de gestion de la diaspora et de la migration internationale<\/h2><div class=\"ekit_heading_separetor_wraper ekit_heading_elementskit-border-divider ekit-dotted\"><div class=\"elementskit-border-divider ekit-dotted\"><\/div><\/div><\/div><\/div>\t\t\t\t<\/div>\n\t\t\t\t<\/div>\n\t\t\t\t<div class=\"elementor-element elementor-element-a014052 elementor-widget elementor-widget-text-editor\" data-id=\"a014052\" data-element_type=\"widget\" data-e-type=\"widget\" data-settings=\"{&quot;ekit_we_effect_on&quot;:&quot;none&quot;}\" data-widget_type=\"text-editor.default\">\n\t\t\t\t<div class=\"elementor-widget-container\">\n\t\t\t\t\t\t\t\t\t<ul><li>de l&rsquo;\u00e9laboration et de la mise en oeuvre de la politique de proteetion, de gestion et de suivi des Burkinab\u00e8 de l&rsquo;ext\u00e9rieur ;<\/li><li>de la mobilisation de la diaspora pour le renforcement de l&rsquo;entrepreneuriat et de l&rsquo; innovation;<\/li><li>de la mobilisation de la diaspora en faveur des actions d&rsquo;int\u00e9r\u00eat national de la d\u00e9fense des int\u00e9r\u00eats et de la protection consulaire des Burkinab\u00e8 de l&rsquo;ext\u00e9rieur ;<\/li><li>de la gestion de l&rsquo;\u00e9tat civil des Burkinab\u00e8 de l&rsquo;ext\u00e9rieur;<\/li><li>de l&rsquo; immatriculation et de la gestion d&rsquo;un r\u00e9pertoire des Burkinab\u00e8 de l&rsquo;ext\u00e9rieur;<\/li><li>de la mobilisation de la diaspora pour le renforcement de l&rsquo;entrepreneuriat et de l&rsquo;innovation;<\/li><li>de la mise en place d&rsquo;un m\u00e9canisme d&rsquo;encadrement et de protection des Burkinab\u00e8 de l&rsquo;ext\u00e9rieur ;<\/li><li>de la d\u00e9fmition et du suivi de la mise en oeuvre de la politique de migration internationale ;<\/li><li>de l&rsquo;appui \u00e0 la r\u00e9insertion lors de leur retour au pays, des Burkinab\u00e8 \u00e9tablis hors du territoire national, avec les Ministres concern\u00e9s.<\/li><\/ul>\t\t\t\t\t\t\t\t<\/div>\n\t\t\t\t<\/div>\n\t\t\t\t\t<\/div>\n\t\t\t\t<\/div>\n\t\t\t\t<\/div>\n\t\t","protected":false},"excerpt":{"rendered":"<p>Selon l\u2019article 9 du D\u00e9cret n\u00b02024-1022\/PRES\/PM\u00a0 du 02 septembre 2024, portant attributions des membres du gouvernement, le Minist\u00e8re des Affaires \u00e9trang\u00e8res, de la Coop\u00e9ration r\u00e9gionale et des Burkinab\u00e8 de l&rsquo;Ext\u00e9rieur \u00ab assure la mise en oeuvre et le suivi de la politique \u00e9trang\u00e8re et de coop\u00e9ration du Gouvernement, la promotion des int\u00e9r\u00eats du Burkina Faso [&hellip;]<\/p>\n","protected":false},"author":9,"featured_media":0,"parent":0,"menu_order":0,"comment_status":"closed","ping_status":"closed","template":"template\/full-width-template.php","meta":{"footnotes":""},"class_list":["post-9848","page","type-page","status-publish","hentry"],"_links":{"self":[{"href":"https:\/\/diplomatie.gov.bf\/index.php\/wp-json\/wp\/v2\/pages\/9848","targetHints":{"allow":["GET"]}}],"collection":[{"href":"https:\/\/diplomatie.gov.bf\/index.php\/wp-json\/wp\/v2\/pages"}],"about":[{"href":"https:\/\/diplomatie.gov.bf\/index.php\/wp-json\/wp\/v2\/types\/page"}],"author":[{"embeddable":true,"href":"https:\/\/diplomatie.gov.bf\/index.php\/wp-json\/wp\/v2\/users\/9"}],"replies":[{"embeddable":true,"href":"https:\/\/diplomatie.gov.bf\/index.php\/wp-json\/wp\/v2\/comments?post=9848"}],"version-history":[{"count":38,"href":"https:\/\/diplomatie.gov.bf\/index.php\/wp-json\/wp\/v2\/pages\/9848\/revisions"}],"predecessor-version":[{"id":15531,"href":"https:\/\/diplomatie.gov.bf\/index.php\/wp-json\/wp\/v2\/pages\/9848\/revisions\/15531"}],"wp:attachment":[{"href":"https:\/\/diplomatie.gov.bf\/index.php\/wp-json\/wp\/v2\/media?parent=9848"}],"curies":[{"name":"wp","href":"https:\/\/api.w.org\/{rel}","templated":true}]}}