{"id":8793,"date":"2024-06-26T19:36:29","date_gmt":"2024-06-26T17:36:29","guid":{"rendered":"https:\/\/diplomatie.gov.bf\/?page_id=8793"},"modified":"2026-03-16T09:59:44","modified_gmt":"2026-03-16T09:59:44","slug":"biographie-du-ministre-delegue","status":"publish","type":"page","link":"https:\/\/diplomatie.gov.bf\/index.php\/biographie-du-ministre-delegue\/","title":{"rendered":"Biographie du Ministre d\u00e9l\u00e9gu\u00e9"},"content":{"rendered":"\t\t<div data-elementor-type=\"wp-page\" data-elementor-id=\"8793\" class=\"elementor elementor-8793\" data-elementor-post-type=\"page\">\n\t\t\t\t\t\t<section data-particle_enable=\"false\" data-particle-mobile-disabled=\"false\" class=\"elementor-section elementor-top-section elementor-element elementor-element-546220c elementor-section-full_width elementor-section-height-default elementor-section-height-default\" data-id=\"546220c\" data-element_type=\"section\" data-e-type=\"section\">\n\t\t\t\t\t\t<div class=\"elementor-container elementor-column-gap-default\">\n\t\t\t\t\t<div class=\"elementor-column elementor-col-100 elementor-top-column elementor-element elementor-element-d238f05\" data-id=\"d238f05\" data-element_type=\"column\" data-e-type=\"column\" data-settings=\"{&quot;background_background&quot;:&quot;classic&quot;}\">\n\t\t\t<div class=\"elementor-widget-wrap elementor-element-populated\">\n\t\t\t\t\t\t<section data-particle_enable=\"false\" data-particle-mobile-disabled=\"false\" class=\"elementor-section elementor-inner-section elementor-element elementor-element-c1323c6 mobile-left  elementor-section-full_width elementor-section-height-default elementor-section-height-default\" data-id=\"c1323c6\" data-element_type=\"section\" data-e-type=\"section\" data-settings=\"{&quot;background_background&quot;:&quot;classic&quot;}\">\n\t\t\t\t\t\t<div class=\"elementor-container elementor-column-gap-no\">\n\t\t\t\t\t<div class=\"elementor-column elementor-col-50 elementor-inner-column elementor-element elementor-element-ff794b7\" data-id=\"ff794b7\" data-element_type=\"column\" data-e-type=\"column\" data-settings=\"{&quot;background_background&quot;:&quot;classic&quot;}\">\n\t\t\t<div class=\"elementor-widget-wrap elementor-element-populated\">\n\t\t\t\t\t<div class=\"elementor-background-overlay\"><\/div>\n\t\t\t\t\t\t<div class=\"elementor-element elementor-element-eded34d elementor-invisible elementor-widget elementor-widget-heading\" data-id=\"eded34d\" data-element_type=\"widget\" data-e-type=\"widget\" data-settings=\"{&quot;_animation&quot;:&quot;fadeInLeft&quot;,&quot;ekit_we_effect_on&quot;:&quot;none&quot;}\" data-widget_type=\"heading.default\">\n\t\t\t\t<div class=\"elementor-widget-container\">\n\t\t\t\t\t<h2 class=\"elementor-heading-title elementor-size-default\">Le ministre d\u00e9l\u00e9gu\u00e9<\/h2>\t\t\t\t<\/div>\n\t\t\t\t<\/div>\n\t\t\t\t<div class=\"elementor-element elementor-element-8136c6e elementor-invisible elementor-widget elementor-widget-image\" data-id=\"8136c6e\" data-element_type=\"widget\" data-e-type=\"widget\" data-settings=\"{&quot;_animation&quot;:&quot;tada&quot;,&quot;ekit_we_effect_on&quot;:&quot;none&quot;}\" data-widget_type=\"image.default\">\n\t\t\t\t<div class=\"elementor-widget-container\">\n\t\t\t\t\t\t\t\t\t\t\t\t\t\t\t<img fetchpriority=\"high\" decoding=\"async\" width=\"800\" height=\"800\" src=\"https:\/\/diplomatie.gov.bf\/wp-content\/uploads\/2024\/06\/img-ministre-delegue.jpg\" class=\"attachment-full size-full wp-image-8802\" alt=\"\" \/>\t\t\t\t\t\t\t\t\t\t\t\t\t\t\t<\/div>\n\t\t\t\t<\/div>\n\t\t\t\t<div class=\"elementor-element elementor-element-52689e9 eael-dual-header-content-align-center elementor-invisible elementor-widget elementor-widget-eael-dual-color-header\" data-id=\"52689e9\" data-element_type=\"widget\" data-e-type=\"widget\" data-settings=\"{&quot;_animation&quot;:&quot;zoomInDown&quot;,&quot;ekit_we_effect_on&quot;:&quot;none&quot;}\" data-widget_type=\"eael-dual-color-header.default\">\n\t\t\t\t<div class=\"elementor-widget-container\">\n\t\t\t\t\t\t\t\t<div class=\"eael-dual-header\">\n\t\t\t\t<h2 class=\"title eael-dch-title\"><span class=\"eael-dch-title-text eael-dch-title-lead lead solid-color\"><\/span> <span class=\"eael-dch-title-text\">B. Stella Eldine KABRE\/KABORE<\/span><\/h2><div class=\"eael-dch-separator-wrap\"><span class=\"separator-one\"><\/span>\n\t\t\t<span class=\"separator-two\"><\/span><\/div>\t\t\t\t\t<span class=\"subtext\"><p>Ministre d\u00e9l\u00e9gu\u00e9 aupr\u00e8s du Ministre des Affaires \u00e9trang\u00e8res, de la Coop\u00e9ration r\u00e9gionale et des Burkinab\u00e8 de l\u2019Ext\u00e9rieur, charg\u00e9 de la Coop\u00e9ration r\u00e9gionale<\/p><\/span>\n\t\t\t\t\t\t\t\t\t<span class=\"eael-dch-svg-icon\"><\/span>\t\t\t\t\t\t\t<\/div>\n\n\t\t\t\t\t\t<\/div>\n\t\t\t\t<\/div>\n\t\t\t\t<div class=\"elementor-element elementor-element-08daca6 elementor-icon-list--layout-traditional elementor-list-item-link-full_width elementor-invisible elementor-widget elementor-widget-icon-list\" data-id=\"08daca6\" data-element_type=\"widget\" data-e-type=\"widget\" data-settings=\"{&quot;_animation&quot;:&quot;headShake&quot;,&quot;ekit_we_effect_on&quot;:&quot;none&quot;}\" data-widget_type=\"icon-list.default\">\n\t\t\t\t<div class=\"elementor-widget-container\">\n\t\t\t\t\t\t\t<ul class=\"elementor-icon-list-items\">\n\t\t\t\t\t\t\t<li class=\"elementor-icon-list-item\">\n\t\t\t\t\t\t\t\t\t\t\t<span class=\"elementor-icon-list-icon\">\n\t\t\t\t\t\t\t<svg aria-hidden=\"true\" class=\"e-font-icon-svg e-fas-circle\" viewBox=\"0 0 512 512\" xmlns=\"http:\/\/www.w3.org\/2000\/svg\"><path d=\"M256 8C119 8 8 119 8 256s111 248 248 248 248-111 248-248S393 8 256 8z\"><\/path><\/svg>\t\t\t\t\t\t<\/span>\n\t\t\t\t\t\t\t\t\t\t<span class=\"elementor-icon-list-text\"><span style=\"font-weight:bold\">Nationalit\u00e9 :<\/span> Burkinab\u00e8  <\/span>\n\t\t\t\t\t\t\t\t\t<\/li>\n\t\t\t\t\t\t\t\t<li class=\"elementor-icon-list-item\">\n\t\t\t\t\t\t\t\t\t\t\t<span class=\"elementor-icon-list-icon\">\n\t\t\t\t\t\t\t<svg aria-hidden=\"true\" class=\"e-font-icon-svg e-fas-circle\" viewBox=\"0 0 512 512\" xmlns=\"http:\/\/www.w3.org\/2000\/svg\"><path d=\"M256 8C119 8 8 119 8 256s111 248 248 248 248-111 248-248S393 8 256 8z\"><\/path><\/svg>\t\t\t\t\t\t<\/span>\n\t\t\t\t\t\t\t\t\t\t<span class=\"elementor-icon-list-text\"><span style=\"font-weight:bold\">Situation matrimoniale :<\/span> Mari\u00e9e<\/span>\n\t\t\t\t\t\t\t\t\t<\/li>\n\t\t\t\t\t\t<\/ul>\n\t\t\t\t\t\t<\/div>\n\t\t\t\t<\/div>\n\t\t\t\t\t<\/div>\n\t\t<\/div>\n\t\t\t\t<div class=\"elementor-column elementor-col-50 elementor-inner-column elementor-element elementor-element-d264524\" data-id=\"d264524\" data-element_type=\"column\" data-e-type=\"column\" data-settings=\"{&quot;background_background&quot;:&quot;classic&quot;}\">\n\t\t\t<div class=\"elementor-widget-wrap elementor-element-populated\">\n\t\t\t\t\t<div class=\"elementor-background-overlay\"><\/div>\n\t\t\t\t\t\t<div class=\"elementor-element elementor-element-0e9a361 elementor-invisible elementor-widget elementor-widget-heading\" data-id=\"0e9a361\" data-element_type=\"widget\" data-e-type=\"widget\" data-settings=\"{&quot;_animation&quot;:&quot;fadeInDown&quot;,&quot;ekit_we_effect_on&quot;:&quot;none&quot;}\" data-widget_type=\"heading.default\">\n\t\t\t\t<div class=\"elementor-widget-container\">\n\t\t\t\t\t<h2 class=\"elementor-heading-title elementor-size-default\">Biographie<\/h2>\t\t\t\t<\/div>\n\t\t\t\t<\/div>\n\t\t\t\t<div class=\"elementor-element elementor-element-81af1c3 elementor-invisible elementor-widget elementor-widget-text-editor\" data-id=\"81af1c3\" data-element_type=\"widget\" data-e-type=\"widget\" data-settings=\"{&quot;_animation&quot;:&quot;fadeInRight&quot;,&quot;ekit_we_effect_on&quot;:&quot;none&quot;}\" data-widget_type=\"text-editor.default\">\n\t\t\t\t<div class=\"elementor-widget-container\">\n\t\t\t\t\t\t\t\t\t<p><strong>Madame B\u00eabgnasgnan Stella Eldine KABRE\/KABORE<\/strong>est n\u00e9e le 04 mai 1974 \u00e0 Bobo-Dioulasso dans les Hauts-Bassins, mari\u00e9e et m\u00e8re de deux (2) enfants.<\/p><p>Apr\u00e8s son baccalaur\u00e9at, Madame KABRE opte pour l&rsquo;Universit\u00e9 de\u00a0Ouagadougou o\u00f9 elle obtient en 1999 une ma\u00eetrise en \u00ab\u00a0Sociologie de la Sant\u00e9 et Sociologie Rurale\u00a0\u00bb.<\/p><p>Elle s\u2019oriente ensuite vers la diplomatie en int\u00e9grant l\u2019Ecole Nationale d\u2019Administration et de Magistrature (ENAM) de Ouagadougou\/Burkina Faso, o\u00f9 elle obtient en 2004 le dipl\u00f4me de Conseiller des Affaires \u00e9trang\u00e8res.<\/p><p>Elle obtient successivement des certifications en diplomatie \u00e0 l\u2019Institut des Etudes Diplomatiques du Caire (Egypte) et \u00e0 l\u2019Institut Royal des Relations Internationales de Bruxelles (Belgique). Elle obtient \u00e9galement des certifications en \u00ab\u00a0m\u00e9tiers de la Diplomatie et des Relations Internationales\u00a0\u00bb et en \u00ab\u00a0Protocole et Pratique Diplomatique\u00a0\u00bb \u00e0 l\u2019Acad\u00e9mie Diplomatique Internationale (ADI) \u00e0 Paris (France).<\/p><p>Elle commence une carri\u00e8re de Sociologue dans le secteur des ONG avant d\u2019int\u00e9grer \u00e0 partir de 2004 le Minist\u00e8re Burkinab\u00e8 des Affaires \u00e9trang\u00e8res \u00e0 Ouagadougou (Direction Afrique et de la Coop\u00e9ration R\u00e9gionale et Direction G\u00e9n\u00e9rale des Relations Multilat\u00e9rales).<\/p><p>Elle servira de 2009 \u00e0 2013 en qualit\u00e9 de Deuxi\u00e8me puis de Premier Conseiller \u00e0 l\u2019Ambassade du Burkina Faso \u00e0 Paris, en France.<\/p><p>De 2014 \u00e0 2018, elle assure la fonction de Secr\u00e9taire permanente \u00e0 la Commission Nationale pour la Francophonie (CNF), structure rattach\u00e9e au Minist\u00e8re en charge des Affaires \u00e9trang\u00e8res.<\/p><p>Ministre pl\u00e9nipotentiaire, elle occupe de 2019 \u00e0 2023 le poste de Consul g\u00e9n\u00e9ral du Burkina Faso \u00e0 Milan, en R\u00e9publique Italienne.<\/p><p><strong>Madame B\u00eabgnasgnan Stella Eldine KABRE\/KABORE<\/strong>est nomm\u00e9e le 17 d\u00e9cembre 2023, Ministre d\u00e9l\u00e9gu\u00e9 aupr\u00e8s du Ministre des Affaires \u00e9trang\u00e8res, de la Coop\u00e9ration r\u00e9gionale et des Burkinab\u00e8 de l\u2019Ext\u00e9rieur, charg\u00e9 de la Coop\u00e9ration r\u00e9gionale.<\/p>\t\t\t\t\t\t\t\t<\/div>\n\t\t\t\t<\/div>\n\t\t\t\t\t<\/div>\n\t\t<\/div>\n\t\t\t\t\t<\/div>\n\t\t<\/section>\n\t\t\t\t<section data-particle_enable=\"false\" data-particle-mobile-disabled=\"false\" class=\"elementor-section elementor-inner-section elementor-element elementor-element-58a95d2 mobile-left  elementor-section-full_width elementor-section-height-default elementor-section-height-default\" data-id=\"58a95d2\" data-element_type=\"section\" data-e-type=\"section\" data-settings=\"{&quot;background_background&quot;:&quot;classic&quot;}\">\n\t\t\t\t\t\t<div class=\"elementor-container elementor-column-gap-no\">\n\t\t\t\t\t<div class=\"elementor-column elementor-col-100 elementor-inner-column elementor-element elementor-element-7109ba5\" data-id=\"7109ba5\" data-element_type=\"column\" data-e-type=\"column\" data-settings=\"{&quot;background_background&quot;:&quot;classic&quot;}\">\n\t\t\t<div class=\"elementor-widget-wrap elementor-element-populated\">\n\t\t\t\t\t<div class=\"elementor-background-overlay\"><\/div>\n\t\t\t\t\t\t<div class=\"elementor-element elementor-element-738b56b elementor-invisible elementor-widget elementor-widget-heading\" data-id=\"738b56b\" data-element_type=\"widget\" data-e-type=\"widget\" data-settings=\"{&quot;_animation&quot;:&quot;fadeInLeft&quot;,&quot;ekit_we_effect_on&quot;:&quot;none&quot;}\" data-widget_type=\"heading.default\">\n\t\t\t\t<div class=\"elementor-widget-container\">\n\t\t\t\t\t<h2 class=\"elementor-heading-title elementor-size-default\">Le parcours du Ministre D\u00e9l\u00e9gu\u00e9<\/h2>\t\t\t\t<\/div>\n\t\t\t\t<\/div>\n\t\t\t\t<div class=\"elementor-element elementor-element-529cb70 elementor-invisible elementor-widget elementor-widget-eael-adv-tabs\" data-id=\"529cb70\" data-element_type=\"widget\" data-e-type=\"widget\" data-settings=\"{&quot;_animation&quot;:&quot;fadeInUp&quot;,&quot;ekit_we_effect_on&quot;:&quot;none&quot;}\" data-widget_type=\"eael-adv-tabs.default\">\n\t\t\t\t<div class=\"elementor-widget-container\">\n\t\t\t\t\t        <div data-scroll-on-click=\"no\" data-scroll-speed=\"300\" id=\"eael-advance-tabs-529cb70\" class=\"eael-advance-tabs eael-tabs-vertical eael-tab-auto-active \" data-tabid=\"529cb70\">\n            <div class=\"eael-tabs-nav \">\n                <ul class=\"eael-tab-inline-icon\" role=\"tablist\">\n                                            <li id=\"formation-cycle-suprieur\" class=\"inactive eael-tab-item-trigger eael-tab-nav-item\" aria-selected=\"true\" data-tab=\"1\" role=\"tab\" tabindex=\"0\" aria-controls=\"formation-cycle-suprieur-tab\" aria-expanded=\"false\">\n                            \n                                                                <svg class=\"e-font-icon-svg e-fas-graduation-cap\" viewBox=\"0 0 640 512\" xmlns=\"http:\/\/www.w3.org\/2000\/svg\"><path d=\"M622.34 153.2L343.4 67.5c-15.2-4.67-31.6-4.67-46.79 0L17.66 153.2c-23.54 7.23-23.54 38.36 0 45.59l48.63 14.94c-10.67 13.19-17.23 29.28-17.88 46.9C38.78 266.15 32 276.11 32 288c0 10.78 5.68 19.85 13.86 25.65L20.33 428.53C18.11 438.52 25.71 448 35.94 448h56.11c10.24 0 17.84-9.48 15.62-19.47L82.14 313.65C90.32 307.85 96 298.78 96 288c0-11.57-6.47-21.25-15.66-26.87.76-15.02 8.44-28.3 20.69-36.72L296.6 284.5c9.06 2.78 26.44 6.25 46.79 0l278.95-85.7c23.55-7.24 23.55-38.36 0-45.6zM352.79 315.09c-28.53 8.76-52.84 3.92-65.59 0l-145.02-44.55L128 384c0 35.35 85.96 64 192 64s192-28.65 192-64l-14.18-113.47-145.03 44.56z\"><\/path><\/svg>                                                            \n                                                            <span class=\"eael-tab-title title-after-icon\" >Formation cycle sup\u00e9rieur<\/span>                            \n                                                    <\/li>\n                                            <li id=\"exprience-professionnelle\" class=\"inactive eael-tab-item-trigger eael-tab-nav-item\" aria-selected=\"false\" data-tab=\"2\" role=\"tab\" tabindex=\"-1\" aria-controls=\"exprience-professionnelle-tab\" aria-expanded=\"false\">\n                            \n                                                                <i class=\"tsicon tsicon-building\"><\/i>                                                            \n                                                            <span class=\"eael-tab-title title-after-icon\" >Exp\u00e9rience professionnelle<\/span>                            \n                                                    <\/li>\n                                            <li id=\"aptitudes-en-informatique-\" class=\"inactive eael-tab-item-trigger eael-tab-nav-item\" aria-selected=\"false\" data-tab=\"3\" role=\"tab\" tabindex=\"-1\" aria-controls=\"aptitudes-en-informatique--tab\" aria-expanded=\"false\">\n                            \n                                                                <svg class=\"e-font-icon-svg e-fas-laptop\" viewBox=\"0 0 640 512\" xmlns=\"http:\/\/www.w3.org\/2000\/svg\"><path d=\"M624 416H381.54c-.74 19.81-14.71 32-32.74 32H288c-18.69 0-33.02-17.47-32.77-32H16c-8.8 0-16 7.2-16 16v16c0 35.2 28.8 64 64 64h512c35.2 0 64-28.8 64-64v-16c0-8.8-7.2-16-16-16zM576 48c0-26.4-21.6-48-48-48H112C85.6 0 64 21.6 64 48v336h512V48zm-64 272H128V64h384v256z\"><\/path><\/svg>                                                            \n                                                            <span class=\"eael-tab-title title-after-icon\" >Aptitudes en informatique <\/span>                            \n                                                    <\/li>\n                                            <li id=\"connaissances-linguistiques-\" class=\"inactive eael-tab-item-trigger eael-tab-nav-item\" aria-selected=\"false\" data-tab=\"4\" role=\"tab\" tabindex=\"-1\" aria-controls=\"connaissances-linguistiques--tab\" aria-expanded=\"false\">\n                            \n                                                                <svg class=\"e-font-icon-svg e-fas-language\" viewBox=\"0 0 640 512\" xmlns=\"http:\/\/www.w3.org\/2000\/svg\"><path d=\"M152.1 236.2c-3.5-12.1-7.8-33.2-7.8-33.2h-.5s-4.3 21.1-7.8 33.2l-11.1 37.5H163zM616 96H336v320h280c13.3 0 24-10.7 24-24V120c0-13.3-10.7-24-24-24zm-24 120c0 6.6-5.4 12-12 12h-11.4c-6.9 23.6-21.7 47.4-42.7 69.9 8.4 6.4 17.1 12.5 26.1 18 5.5 3.4 7.3 10.5 4.1 16.2l-7.9 13.9c-3.4 5.9-10.9 7.8-16.7 4.3-12.6-7.8-24.5-16.1-35.4-24.9-10.9 8.7-22.7 17.1-35.4 24.9-5.8 3.5-13.3 1.6-16.7-4.3l-7.9-13.9c-3.2-5.6-1.4-12.8 4.2-16.2 9.3-5.7 18-11.7 26.1-18-7.9-8.4-14.9-17-21-25.7-4-5.7-2.2-13.6 3.7-17.1l6.5-3.9 7.3-4.3c5.4-3.2 12.4-1.7 16 3.4 5 7 10.8 14 17.4 20.9 13.5-14.2 23.8-28.9 30-43.2H412c-6.6 0-12-5.4-12-12v-16c0-6.6 5.4-12 12-12h64v-16c0-6.6 5.4-12 12-12h16c6.6 0 12 5.4 12 12v16h64c6.6 0 12 5.4 12 12zM0 120v272c0 13.3 10.7 24 24 24h280V96H24c-13.3 0-24 10.7-24 24zm58.9 216.1L116.4 167c1.7-4.9 6.2-8.1 11.4-8.1h32.5c5.1 0 9.7 3.3 11.4 8.1l57.5 169.1c2.6 7.8-3.1 15.9-11.4 15.9h-22.9a12 12 0 0 1-11.5-8.6l-9.4-31.9h-60.2l-9.1 31.8c-1.5 5.1-6.2 8.7-11.5 8.7H70.3c-8.2 0-14-8.1-11.4-15.9z\"><\/path><\/svg>                                                            \n                                                            <span class=\"eael-tab-title title-after-icon\" >Connaissances linguistiques <\/span>                            \n                                                    <\/li>\n                                            <li id=\"distinctions\" class=\"inactive eael-tab-item-trigger eael-tab-nav-item\" aria-selected=\"false\" data-tab=\"5\" role=\"tab\" tabindex=\"-1\" aria-controls=\"distinctions-tab\" aria-expanded=\"false\">\n                            \n                                                                <svg class=\"e-font-icon-svg e-fas-medal\" viewBox=\"0 0 512 512\" xmlns=\"http:\/\/www.w3.org\/2000\/svg\"><path d=\"M223.75 130.75L154.62 15.54A31.997 31.997 0 0 0 127.18 0H16.03C3.08 0-4.5 14.57 2.92 25.18l111.27 158.96c29.72-27.77 67.52-46.83 109.56-53.39zM495.97 0H384.82c-11.24 0-21.66 5.9-27.44 15.54l-69.13 115.21c42.04 6.56 79.84 25.62 109.56 53.38L509.08 25.18C516.5 14.57 508.92 0 495.97 0zM256 160c-97.2 0-176 78.8-176 176s78.8 176 176 176 176-78.8 176-176-78.8-176-176-176zm92.52 157.26l-37.93 36.96 8.97 52.22c1.6 9.36-8.26 16.51-16.65 12.09L256 393.88l-46.9 24.65c-8.4 4.45-18.25-2.74-16.65-12.09l8.97-52.22-37.93-36.96c-6.82-6.64-3.05-18.23 6.35-19.59l52.43-7.64 23.43-47.52c2.11-4.28 6.19-6.39 10.28-6.39 4.11 0 8.22 2.14 10.33 6.39l23.43 47.52 52.43 7.64c9.4 1.36 13.17 12.95 6.35 19.59z\"><\/path><\/svg>                                                            \n                                                            <span class=\"eael-tab-title title-after-icon\" >Distinctions<\/span>                            \n                                                    <\/li>\n                    \n                                  <\/ul>\n            <\/div>\n            \n            <div class=\"eael-tabs-content\">\n\t\t        \n                    <div id=\"formation-cycle-suprieur-tab\" class=\"clearfix eael-tab-content-item inactive\" data-title-link=\"formation-cycle-suprieur-tab\">\n\t\t\t\t        <p>2004\u00a0: Dipl\u00f4me de Conseiller des Affaires \u00e9trang\u00e8res obtenu \u00e0 l\u2019\u00e9cole nationale d\u2019administration et de magistrature ( ENAM) \u00e0 Ouagadougou\/Baurkina Faso<\/p><p>1999\u00a0: Maitrise en sociologie<\/p><p>1996\u00a0: Licence en sociologie<\/p><p>1993\u00a0: Bac S\u00e9rie A4 coll\u00e8ge Tounouma Gar\u00e7on Bobo-dioulasso<\/p><p>Autres formations diplomantes et compl\u00e9mentaires avec un focus sur la diplomatie<\/p><p><strong>2011\u00a0<\/strong>: Certificat de formation sur les metiers de la diplomatie et les relations internationales \u00e0 l\u2019accad\u00e9mie diplomatie internationnale (ADI) PARIS en France<\/p><p><strong>2011<\/strong>\u00a0: Certificat de formation en protocole et pratique diplomatique \u00e0 l\u2019accad\u00e9mie diplomatie internationnale (ADI) PARIS en France<\/p><p><strong>2006\u00a0<\/strong>: Certificat de formation en diplomatie \u00e0 l\u2019Institut des \u00e9tudes diplomatiques du Caire (Egypte) en collaboration avec le fonds \u00e9gyptien pour la coop\u00e9ration tehnique avec l\u2019Afrique<\/p>                    <\/div>\n\t\t        \n                    <div id=\"exprience-professionnelle-tab\" class=\"clearfix eael-tab-content-item inactive\" data-title-link=\"exprience-professionnelle-tab\">\n\t\t\t\t        <p><strong>Janvier 2019-Septembre 2023<\/strong>\u00a0: Consul g\u00e9n\u00e9ral du Burkina Faso \u00e0 Milan R\u00e9publique italienne<\/p><p><strong>Octobre 2014-D\u00e9cembre 2018<\/strong>\u00a0: S\u00e9cr\u00e9taire permanent de la Commission nationale pour la Francophonie (CNF)<\/p><p><strong>Octobre 2013-Septembre 2014<\/strong>\u00a0: Chef de service de la Coop\u00e9ration afro-arabe \u00e0 la Direction des r\u00e9lations multilat\u00e9rales au ministre en charge des Affaires locales<\/p><p><strong>F\u00e9vrier 2009-Septembre 2013\u00a0:<\/strong> 2<sup>e<\/sup> puis 1<sup>er<\/sup> conseiller \u00e0 l\u2019ambassade du Burkina Faso \u00e0 paris ( France)<\/p><p>Avril 2004-Janvier 2009\u00a0: agent puis chef de service Afrique du Nord \u00e0 la direction Afrique et de la Coop\u00e9ration r\u00e9gionale au ministre en charge des Affaires \u00e9trang\u00e8res<\/p><p>Novembre 2001-Mars 2004\u00a0: Sociologue consultante associ\u00e9e et cheffe d\u2019\u00e9quipe pour la r\u00e9alisation d\u2019\u00e9tude et d\u2019enquete diverses dans les domaines de la sant\u00e9 et du developpement rural<\/p><p><strong>Aout 2000-Octobre 2001\u00a0:<\/strong> Sociologue cheffe de zone charg\u00e9 de formation des projets \u00ab\u00a0suivi de l\u2019enfant\u00a0\u00bb et \u00ab\u00a0sant\u00e9 maternelle et n\u00e9onatal\u00a0\u00bb \u00e0 Plan Burkina (Ex PPI) Koup\u00e9la au Burkina Faso<\/p><p><strong>Mars 1999-Janvier 2000\u00a0:<\/strong> Sociologue charg\u00e9e d\u2019animation et de formation \u00ab\u00a0 sant\u00e9 de la reproduction des jeunes \u00e0 l\u2019ABBEF\u00a0\u00bb<\/p><p><strong>Mars 1993-F\u00e9vrier 1999<\/strong>\u00a0: Sociologue consultante associ\u00e9e et cheffe d\u2019\u00e9quipe pour la r\u00e9alisation d\u2019\u00e9tude et d\u2019enquete dans les domaines de la sant\u00e9 et du developpement rural.<\/p>                    <\/div>\n\t\t        \n                    <div id=\"aptitudes-en-informatique--tab\" class=\"clearfix eael-tab-content-item inactive\" data-title-link=\"aptitudes-en-informatique--tab\">\n\t\t\t\t        <ul><li>Syst\u00e8me d\u2019exploitation\u00a0: DOS, windows,<\/li><li>Microsoft office\u00a0: excel, word, powerpoint<\/li><li>Base de donn\u00e9es\u00a0: S\u00e9rie professionnelle de windows ( MS access)<\/li><li>Progiciel\u00a0: MS Project suivi-\u00e9valuation<\/li><li>Internet\u00a0: MS exploreur, Mozilla<\/li><\/ul>                    <\/div>\n\t\t        \n                    <div id=\"connaissances-linguistiques--tab\" class=\"clearfix eael-tab-content-item inactive\" data-title-link=\"connaissances-linguistiques--tab\">\n\t\t\t\t        <ul><li><p>Fran\u00e7ais<\/p><\/li><li><p>Anglais<\/p><\/li><li><p>Espagnol<\/p><\/li><li><p>Italien<\/p><\/li><li><p>Moor\u00e9<\/p><\/li><li><p>Dioula<\/p><\/li><\/ul>                    <\/div>\n\t\t        \n                    <div id=\"distinctions-tab\" class=\"clearfix eael-tab-content-item inactive\" data-title-link=\"distinctions-tab\">\n\t\t\t\t        <p style=\"text-align: center\"><strong>Chevalier de l\u2019ordre de l\u2019Etalon<\/strong><\/p><p><img decoding=\"async\" class=\"wp-image-9139 aligncenter\" src=\"http:\/\/diplomatie.gov.bf\/wp-content\/uploads\/2024\/06\/titre_honneur.png\" alt=\"\" width=\"204\" height=\"328\" \/><\/p>                    <\/div>\n\t\t                    <\/div>\n        <\/div>\n\t\t\t\t<\/div>\n\t\t\t\t<\/div>\n\t\t\t\t\t<\/div>\n\t\t<\/div>\n\t\t\t\t\t<\/div>\n\t\t<\/section>\n\t\t\t\t\t<\/div>\n\t\t<\/div>\n\t\t\t\t\t<\/div>\n\t\t<\/section>\n\t\t\t\t<\/div>\n\t\t","protected":false},"excerpt":{"rendered":"<p>Le ministre d\u00e9l\u00e9gu\u00e9 B. Stella Eldine KABRE\/KABORE Ministre d\u00e9l\u00e9gu\u00e9 aupr\u00e8s du Ministre des Affaires \u00e9trang\u00e8res, de la Coop\u00e9ration r\u00e9gionale et des Burkinab\u00e8 de l\u2019Ext\u00e9rieur, charg\u00e9 de la Coop\u00e9ration r\u00e9gionale Nationalit\u00e9 : Burkinab\u00e8 Situation matrimoniale : Mari\u00e9e Biographie Madame B\u00eabgnasgnan Stella Eldine KABRE\/KABOREest n\u00e9e le 04 mai 1974 \u00e0 Bobo-Dioulasso dans les Hauts-Bassins, mari\u00e9e et m\u00e8re [&hellip;]<\/p>\n","protected":false},"author":1,"featured_media":0,"parent":0,"menu_order":0,"comment_status":"closed","ping_status":"closed","template":"template\/full-width-template.php","meta":{"footnotes":""},"class_list":["post-8793","page","type-page","status-publish","hentry"],"_links":{"self":[{"href":"https:\/\/diplomatie.gov.bf\/index.php\/wp-json\/wp\/v2\/pages\/8793","targetHints":{"allow":["GET"]}}],"collection":[{"href":"https:\/\/diplomatie.gov.bf\/index.php\/wp-json\/wp\/v2\/pages"}],"about":[{"href":"https:\/\/diplomatie.gov.bf\/index.php\/wp-json\/wp\/v2\/types\/page"}],"author":[{"embeddable":true,"href":"https:\/\/diplomatie.gov.bf\/index.php\/wp-json\/wp\/v2\/users\/1"}],"replies":[{"embeddable":true,"href":"https:\/\/diplomatie.gov.bf\/index.php\/wp-json\/wp\/v2\/comments?post=8793"}],"version-history":[{"count":173,"href":"https:\/\/diplomatie.gov.bf\/index.php\/wp-json\/wp\/v2\/pages\/8793\/revisions"}],"predecessor-version":[{"id":15529,"href":"https:\/\/diplomatie.gov.bf\/index.php\/wp-json\/wp\/v2\/pages\/8793\/revisions\/15529"}],"wp:attachment":[{"href":"https:\/\/diplomatie.gov.bf\/index.php\/wp-json\/wp\/v2\/media?parent=8793"}],"curies":[{"name":"wp","href":"https:\/\/api.w.org\/{rel}","templated":true}]}}