{"id":8564,"date":"2024-06-26T14:43:50","date_gmt":"2024-06-26T12:43:50","guid":{"rendered":"https:\/\/diplomatie.gov.bf\/?page_id=8564"},"modified":"2024-08-08T23:52:10","modified_gmt":"2024-08-08T21:52:10","slug":"annonces","status":"publish","type":"page","link":"https:\/\/diplomatie.gov.bf\/index.php\/annonces\/","title":{"rendered":"Annonces"},"content":{"rendered":"\t\t<div data-elementor-type=\"wp-page\" data-elementor-id=\"8564\" class=\"elementor elementor-8564\" data-elementor-post-type=\"page\">\n\t\t\t\t\t\t<section data-particle_enable=\"false\" data-particle-mobile-disabled=\"false\" class=\"elementor-section elementor-top-section elementor-element elementor-element-546220c elementor-section-full_width elementor-section-height-default elementor-section-height-default\" data-id=\"546220c\" data-element_type=\"section\" data-e-type=\"section\">\n\t\t\t\t\t\t<div class=\"elementor-container elementor-column-gap-default\">\n\t\t\t\t\t<div class=\"elementor-column elementor-col-100 elementor-top-column elementor-element elementor-element-d238f05\" data-id=\"d238f05\" data-element_type=\"column\" data-e-type=\"column\">\n\t\t\t<div class=\"elementor-widget-wrap elementor-element-populated\">\n\t\t\t\t\t\t<div class=\"elementor-element elementor-element-b4b818d elementor-grid-eael-col-3 elementor-grid-tablet-eael-col-2 elementor-grid-mobile-eael-col-1 elementor-widget elementor-widget-eael-post-grid\" data-id=\"b4b818d\" data-element_type=\"widget\" data-e-type=\"widget\" data-settings=\"{&quot;eael_post_grid_columns&quot;:&quot;eael-col-3&quot;,&quot;eael_post_grid_columns_tablet&quot;:&quot;eael-col-2&quot;,&quot;eael_post_grid_columns_mobile&quot;:&quot;eael-col-1&quot;,&quot;ekit_we_effect_on&quot;:&quot;none&quot;}\" data-widget_type=\"eael-post-grid.default\">\n\t\t\t\t<div class=\"elementor-widget-container\">\n\t\t\t\t\t<div id=\"eael-post-grid-b4b818d\" class=\"eael-post-grid-container\">\n            <div class=\"eael-post-grid eael-post-appender eael-post-appender-b4b818d eael-post-grid-style-one\" data-layout-mode=\"grid\"><article class=\"eael-grid-post  eael-post-grid-column eael-pg-post-15865 category-actualites\" data-id=\"15865\">\n        <div class=\"eael-grid-post-holder\">\n            <div class=\"eael-grid-post-holder-inner\"><div class=\"eael-entry-media\"><div class=\"eael-entry-overlay fade-in\"><i class=\"fas fa-long-arrow-alt-right\" aria-hidden=\"true\"><\/i><a href=\"https:\/\/diplomatie.gov.bf\/index.php\/visite-des-afrodescendants-au-burkina-faso-madame-le-ministre-delegue-aupres-du-ministre-des-affaires-etrangeres-lance-officiellement-les-conferences-panafricaines\/\"><\/a><\/div><div class=\"eael-entry-thumbnail \">\n                <img fetchpriority=\"high\" decoding=\"async\" width=\"300\" height=\"219\" src=\"https:\/\/diplomatie.gov.bf\/wp-content\/uploads\/2026\/04\/678339143_1395653052590646_3987713482794794821_n-300x219.jpg\" class=\"attachment-medium size-medium wp-image-15867\" alt=\"\" srcset=\"https:\/\/diplomatie.gov.bf\/wp-content\/uploads\/2026\/04\/678339143_1395653052590646_3987713482794794821_n-300x219.jpg 300w, https:\/\/diplomatie.gov.bf\/wp-content\/uploads\/2026\/04\/678339143_1395653052590646_3987713482794794821_n-1024x747.jpg 1024w, https:\/\/diplomatie.gov.bf\/wp-content\/uploads\/2026\/04\/678339143_1395653052590646_3987713482794794821_n-768x560.jpg 768w, https:\/\/diplomatie.gov.bf\/wp-content\/uploads\/2026\/04\/678339143_1395653052590646_3987713482794794821_n-1536x1120.jpg 1536w, https:\/\/diplomatie.gov.bf\/wp-content\/uploads\/2026\/04\/678339143_1395653052590646_3987713482794794821_n.jpg 2048w\" sizes=\"(max-width: 300px) 100vw, 300px\" \/>\n            <\/div>\n        <\/div><div class=\"eael-entry-wrapper\"><header class=\"eael-entry-header\"><h2 class=\"eael-entry-title\"><a class=\"eael-grid-post-link\" href=\"https:\/\/diplomatie.gov.bf\/index.php\/visite-des-afrodescendants-au-burkina-faso-madame-le-ministre-delegue-aupres-du-ministre-des-affaires-etrangeres-lance-officiellement-les-conferences-panafricaines\/\" title=\"Visite des Afrodescendants au Burkina Faso  : Madame le ministre d\u00e9l\u00e9gu\u00e9 aupr\u00e8s du ministre des Affaires \u00e9trang\u00e8res lance officiellement les conf\u00e9rences panafricaines\">Visite des Afrodescendants au Burkina Faso  : Madame le ministre d\u00e9l\u00e9gu\u00e9 aupr\u00e8s du ministre des Affaires \u00e9trang\u00e8res lance officiellement les conf\u00e9rences panafricaines<\/a><\/h2><\/header><div class=\"eael-entry-header-after\"><div class=\"eael-author-avatar\"><a href=\"https:\/\/diplomatie.gov.bf\/index.php\/author\/kobie1\/\"><img alt='D\u00e9sir\u00e9 KOBIE' src='https:\/\/secure.gravatar.com\/avatar\/5b6e7ec6386cb7d5db2454f1f88749f1912d90acec4e2d0bfa2200c48756702d?s=96&#038;d=mm&#038;r=g' srcset='https:\/\/secure.gravatar.com\/avatar\/5b6e7ec6386cb7d5db2454f1f88749f1912d90acec4e2d0bfa2200c48756702d?s=192&#038;d=mm&#038;r=g 2x' class='avatar avatar-96 photo' height='96' width='96' \/><\/a><\/div><div class=\"eael-entry-meta\"><span class=\"eael-posted-by\"><a href=\"https:\/\/diplomatie.gov.bf\/index.php\/author\/kobie1\/\" title=\"Posts by D\u00e9sir\u00e9 KOBIE\" rel=\"author\">D\u00e9sir\u00e9 KOBIE<\/a><\/span><span class=\"eael-posted-on\"><time datetime=\"21 avril 2026\">21 avril 2026<\/time><\/span><\/div><\/div><div class=\"eael-entry-content\">\n                        <div class=\"eael-grid-post-excerpt\"><a href=\"https:\/\/diplomatie.gov.bf\/index.php\/visite-des-afrodescendants-au-burkina-faso-madame-le-ministre-delegue-aupres-du-ministre-des-affaires-etrangeres-lance-officiellement-les-conferences-panafricaines\/\" class=\"eael-post-elements-readmore-btn\">Lire plus<\/a><\/div>\n                    <\/div><\/div><\/div>\n        <\/div>\n    <\/article><article class=\"eael-grid-post  eael-post-grid-column eael-pg-post-15866 category-actualites\" data-id=\"15866\">\n        <div class=\"eael-grid-post-holder\">\n            <div class=\"eael-grid-post-holder-inner\"><div class=\"eael-entry-media\"><div class=\"eael-entry-overlay fade-in\"><i class=\"fas fa-long-arrow-alt-right\" aria-hidden=\"true\"><\/i><a href=\"https:\/\/diplomatie.gov.bf\/index.php\/refugies-burkinabe-au-mali-des-echanges-fructueux-avec-une-delegation-interministerielle\/\"><\/a><\/div><div class=\"eael-entry-thumbnail \">\n                <img decoding=\"async\" width=\"300\" height=\"169\" src=\"https:\/\/diplomatie.gov.bf\/wp-content\/uploads\/2026\/04\/675391402_1395354102620541_1740790847815075118_n-300x169.jpg\" class=\"attachment-medium size-medium wp-image-15869\" alt=\"\" srcset=\"https:\/\/diplomatie.gov.bf\/wp-content\/uploads\/2026\/04\/675391402_1395354102620541_1740790847815075118_n-300x169.jpg 300w, https:\/\/diplomatie.gov.bf\/wp-content\/uploads\/2026\/04\/675391402_1395354102620541_1740790847815075118_n-1024x576.jpg 1024w, https:\/\/diplomatie.gov.bf\/wp-content\/uploads\/2026\/04\/675391402_1395354102620541_1740790847815075118_n-768x432.jpg 768w, https:\/\/diplomatie.gov.bf\/wp-content\/uploads\/2026\/04\/675391402_1395354102620541_1740790847815075118_n-1536x863.jpg 1536w, https:\/\/diplomatie.gov.bf\/wp-content\/uploads\/2026\/04\/675391402_1395354102620541_1740790847815075118_n.jpg 2048w\" sizes=\"(max-width: 300px) 100vw, 300px\" \/>\n            <\/div>\n        <\/div><div class=\"eael-entry-wrapper\"><header class=\"eael-entry-header\"><h2 class=\"eael-entry-title\"><a class=\"eael-grid-post-link\" href=\"https:\/\/diplomatie.gov.bf\/index.php\/refugies-burkinabe-au-mali-des-echanges-fructueux-avec-une-delegation-interministerielle\/\" title=\"Refugi\u00e9s burkinab\u00e8 au  Mali: des \u00e9changes fructueux avec une d\u00e9l\u00e9gation interminist\u00e9rielle\">Refugi\u00e9s burkinab\u00e8 au  Mali: des \u00e9changes fructueux avec une d\u00e9l\u00e9gation interminist\u00e9rielle<\/a><\/h2><\/header><div class=\"eael-entry-header-after\"><div class=\"eael-author-avatar\"><a href=\"https:\/\/diplomatie.gov.bf\/index.php\/author\/kobie1\/\"><img alt='D\u00e9sir\u00e9 KOBIE' src='https:\/\/secure.gravatar.com\/avatar\/5b6e7ec6386cb7d5db2454f1f88749f1912d90acec4e2d0bfa2200c48756702d?s=96&#038;d=mm&#038;r=g' srcset='https:\/\/secure.gravatar.com\/avatar\/5b6e7ec6386cb7d5db2454f1f88749f1912d90acec4e2d0bfa2200c48756702d?s=192&#038;d=mm&#038;r=g 2x' class='avatar avatar-96 photo' height='96' width='96' \/><\/a><\/div><div class=\"eael-entry-meta\"><span class=\"eael-posted-by\"><a href=\"https:\/\/diplomatie.gov.bf\/index.php\/author\/kobie1\/\" title=\"Posts by D\u00e9sir\u00e9 KOBIE\" rel=\"author\">D\u00e9sir\u00e9 KOBIE<\/a><\/span><span class=\"eael-posted-on\"><time datetime=\"20 avril 2026\">20 avril 2026<\/time><\/span><\/div><\/div><div class=\"eael-entry-content\">\n                        <div class=\"eael-grid-post-excerpt\"><a href=\"https:\/\/diplomatie.gov.bf\/index.php\/refugies-burkinabe-au-mali-des-echanges-fructueux-avec-une-delegation-interministerielle\/\" class=\"eael-post-elements-readmore-btn\">Lire plus<\/a><\/div>\n                    <\/div><\/div><\/div>\n        <\/div>\n    <\/article><article class=\"eael-grid-post  eael-post-grid-column eael-pg-post-15871 category-actualites\" data-id=\"15871\">\n        <div class=\"eael-grid-post-holder\">\n            <div class=\"eael-grid-post-holder-inner\"><div class=\"eael-entry-media\"><div class=\"eael-entry-overlay fade-in\"><i class=\"fas fa-long-arrow-alt-right\" aria-hidden=\"true\"><\/i><a href=\"https:\/\/diplomatie.gov.bf\/index.php\/lancement-de-la-strategie-togo-sahel-le-burkina-faso-et-laes-saluent-une-approche-centree-sur-les-saheliens\/\"><\/a><\/div><div class=\"eael-entry-thumbnail \">\n                <img decoding=\"async\" width=\"300\" height=\"200\" src=\"https:\/\/diplomatie.gov.bf\/wp-content\/uploads\/2026\/04\/673665921_1394023109420307_185921335192342716_n-300x200.jpg\" class=\"attachment-medium size-medium wp-image-15872\" alt=\"\" srcset=\"https:\/\/diplomatie.gov.bf\/wp-content\/uploads\/2026\/04\/673665921_1394023109420307_185921335192342716_n-300x200.jpg 300w, https:\/\/diplomatie.gov.bf\/wp-content\/uploads\/2026\/04\/673665921_1394023109420307_185921335192342716_n-1024x682.jpg 1024w, https:\/\/diplomatie.gov.bf\/wp-content\/uploads\/2026\/04\/673665921_1394023109420307_185921335192342716_n-768x512.jpg 768w, https:\/\/diplomatie.gov.bf\/wp-content\/uploads\/2026\/04\/673665921_1394023109420307_185921335192342716_n.jpg 1280w\" sizes=\"(max-width: 300px) 100vw, 300px\" \/>\n            <\/div>\n        <\/div><div class=\"eael-entry-wrapper\"><header class=\"eael-entry-header\"><h2 class=\"eael-entry-title\"><a class=\"eael-grid-post-link\" href=\"https:\/\/diplomatie.gov.bf\/index.php\/lancement-de-la-strategie-togo-sahel-le-burkina-faso-et-laes-saluent-une-approche-centree-sur-les-saheliens\/\" title=\"Lancement de la Strat\u00e9gie Togo-Sahel : le Burkina Faso et l\u2019AES saluent une approche centr\u00e9e sur les Sah\u00e9liens\">Lancement de la Strat\u00e9gie Togo-Sahel : le Burkina Faso et l\u2019AES saluent une approche centr\u00e9e sur les Sah\u00e9liens<\/a><\/h2><\/header><div class=\"eael-entry-header-after\"><div class=\"eael-author-avatar\"><a href=\"https:\/\/diplomatie.gov.bf\/index.php\/author\/kobie1\/\"><img alt='D\u00e9sir\u00e9 KOBIE' src='https:\/\/secure.gravatar.com\/avatar\/5b6e7ec6386cb7d5db2454f1f88749f1912d90acec4e2d0bfa2200c48756702d?s=96&#038;d=mm&#038;r=g' srcset='https:\/\/secure.gravatar.com\/avatar\/5b6e7ec6386cb7d5db2454f1f88749f1912d90acec4e2d0bfa2200c48756702d?s=192&#038;d=mm&#038;r=g 2x' class='avatar avatar-96 photo' height='96' width='96' \/><\/a><\/div><div class=\"eael-entry-meta\"><span class=\"eael-posted-by\"><a href=\"https:\/\/diplomatie.gov.bf\/index.php\/author\/kobie1\/\" title=\"Posts by D\u00e9sir\u00e9 KOBIE\" rel=\"author\">D\u00e9sir\u00e9 KOBIE<\/a><\/span><span class=\"eael-posted-on\"><time datetime=\"18 avril 2026\">18 avril 2026<\/time><\/span><\/div><\/div><div class=\"eael-entry-content\">\n                        <div class=\"eael-grid-post-excerpt\"><a href=\"https:\/\/diplomatie.gov.bf\/index.php\/lancement-de-la-strategie-togo-sahel-le-burkina-faso-et-laes-saluent-une-approche-centree-sur-les-saheliens\/\" class=\"eael-post-elements-readmore-btn\">Lire plus<\/a><\/div>\n                    <\/div><\/div><\/div>\n        <\/div>\n    <\/article><article class=\"eael-grid-post  eael-post-grid-column eael-pg-post-15850 category-actualites\" data-id=\"15850\">\n        <div class=\"eael-grid-post-holder\">\n            <div class=\"eael-grid-post-holder-inner\"><div class=\"eael-entry-media\"><div class=\"eael-entry-overlay fade-in\"><i class=\"fas fa-long-arrow-alt-right\" aria-hidden=\"true\"><\/i><a href=\"https:\/\/diplomatie.gov.bf\/index.php\/14e-reunion-tripartite-burkina-faso-mali-hcr-les-acteurs-formulent-des-recommandations-pour-harmoniser-les-operations-de-rapatriement-volontaires\/\"><\/a><\/div><div class=\"eael-entry-thumbnail \">\n                <img loading=\"lazy\" decoding=\"async\" width=\"300\" height=\"200\" src=\"https:\/\/diplomatie.gov.bf\/wp-content\/uploads\/2026\/04\/673886522_1392020666287218_4673010205998009737_n-300x200.jpg\" class=\"attachment-medium size-medium wp-image-15851\" alt=\"\" srcset=\"https:\/\/diplomatie.gov.bf\/wp-content\/uploads\/2026\/04\/673886522_1392020666287218_4673010205998009737_n-300x200.jpg 300w, https:\/\/diplomatie.gov.bf\/wp-content\/uploads\/2026\/04\/673886522_1392020666287218_4673010205998009737_n-1024x682.jpg 1024w, https:\/\/diplomatie.gov.bf\/wp-content\/uploads\/2026\/04\/673886522_1392020666287218_4673010205998009737_n-768x512.jpg 768w, https:\/\/diplomatie.gov.bf\/wp-content\/uploads\/2026\/04\/673886522_1392020666287218_4673010205998009737_n.jpg 1280w\" sizes=\"(max-width: 300px) 100vw, 300px\" \/>\n            <\/div>\n        <\/div><div class=\"eael-entry-wrapper\"><header class=\"eael-entry-header\"><h2 class=\"eael-entry-title\"><a class=\"eael-grid-post-link\" href=\"https:\/\/diplomatie.gov.bf\/index.php\/14e-reunion-tripartite-burkina-faso-mali-hcr-les-acteurs-formulent-des-recommandations-pour-harmoniser-les-operations-de-rapatriement-volontaires\/\" title=\"14e R\u00e9union tripartite Burkina Faso-Mali-HCR : les acteurs formulent des recommandations pour harmoniser les op\u00e9rations de rapatriement volontaires\">14e R\u00e9union tripartite Burkina Faso-Mali-HCR : les acteurs formulent des recommandations pour harmoniser les op\u00e9rations de rapatriement volontaires<\/a><\/h2><\/header><div class=\"eael-entry-header-after\"><div class=\"eael-author-avatar\"><a href=\"https:\/\/diplomatie.gov.bf\/index.php\/author\/kobie1\/\"><img alt='D\u00e9sir\u00e9 KOBIE' src='https:\/\/secure.gravatar.com\/avatar\/5b6e7ec6386cb7d5db2454f1f88749f1912d90acec4e2d0bfa2200c48756702d?s=96&#038;d=mm&#038;r=g' srcset='https:\/\/secure.gravatar.com\/avatar\/5b6e7ec6386cb7d5db2454f1f88749f1912d90acec4e2d0bfa2200c48756702d?s=192&#038;d=mm&#038;r=g 2x' class='avatar avatar-96 photo' height='96' width='96' \/><\/a><\/div><div class=\"eael-entry-meta\"><span class=\"eael-posted-by\"><a href=\"https:\/\/diplomatie.gov.bf\/index.php\/author\/kobie1\/\" title=\"Posts by D\u00e9sir\u00e9 KOBIE\" rel=\"author\">D\u00e9sir\u00e9 KOBIE<\/a><\/span><span class=\"eael-posted-on\"><time datetime=\"16 avril 2026\">16 avril 2026<\/time><\/span><\/div><\/div><div class=\"eael-entry-content\">\n                        <div class=\"eael-grid-post-excerpt\"><a href=\"https:\/\/diplomatie.gov.bf\/index.php\/14e-reunion-tripartite-burkina-faso-mali-hcr-les-acteurs-formulent-des-recommandations-pour-harmoniser-les-operations-de-rapatriement-volontaires\/\" class=\"eael-post-elements-readmore-btn\">Lire plus<\/a><\/div>\n                    <\/div><\/div><\/div>\n        <\/div>\n    <\/article><article class=\"eael-grid-post  eael-post-grid-column eael-pg-post-15847 category-actualites\" data-id=\"15847\">\n        <div class=\"eael-grid-post-holder\">\n            <div class=\"eael-grid-post-holder-inner\"><div class=\"eael-entry-media\"><div class=\"eael-entry-overlay fade-in\"><i class=\"fas fa-long-arrow-alt-right\" aria-hidden=\"true\"><\/i><a href=\"https:\/\/diplomatie.gov.bf\/index.php\/cooperation-unicef-burkina-faso-une-visite-terrain-du-directeur-general-adjoint-pour-un-partenariat-recentre-sur-les-priorites-du-pays\/\"><\/a><\/div><div class=\"eael-entry-thumbnail \">\n                <img loading=\"lazy\" decoding=\"async\" width=\"300\" height=\"200\" src=\"https:\/\/diplomatie.gov.bf\/wp-content\/uploads\/2026\/04\/671416170_1392092012946750_4521949049491116830_n-300x200.jpg\" class=\"attachment-medium size-medium wp-image-15848\" alt=\"\" srcset=\"https:\/\/diplomatie.gov.bf\/wp-content\/uploads\/2026\/04\/671416170_1392092012946750_4521949049491116830_n-300x200.jpg 300w, https:\/\/diplomatie.gov.bf\/wp-content\/uploads\/2026\/04\/671416170_1392092012946750_4521949049491116830_n-1024x683.jpg 1024w, https:\/\/diplomatie.gov.bf\/wp-content\/uploads\/2026\/04\/671416170_1392092012946750_4521949049491116830_n-768x512.jpg 768w, https:\/\/diplomatie.gov.bf\/wp-content\/uploads\/2026\/04\/671416170_1392092012946750_4521949049491116830_n-1536x1024.jpg 1536w, https:\/\/diplomatie.gov.bf\/wp-content\/uploads\/2026\/04\/671416170_1392092012946750_4521949049491116830_n.jpg 2048w\" sizes=\"(max-width: 300px) 100vw, 300px\" \/>\n            <\/div>\n        <\/div><div class=\"eael-entry-wrapper\"><header class=\"eael-entry-header\"><h2 class=\"eael-entry-title\"><a class=\"eael-grid-post-link\" href=\"https:\/\/diplomatie.gov.bf\/index.php\/cooperation-unicef-burkina-faso-une-visite-terrain-du-directeur-general-adjoint-pour-un-partenariat-recentre-sur-les-priorites-du-pays\/\" title=\"Coop\u00e9ration Unicef- Burkina Faso : une visite terrain du Directeur g\u00e9n\u00e9ral adjoint pour un partenariat recentr\u00e9 sur les priorit\u00e9s du pays\">Coop\u00e9ration Unicef- Burkina Faso : une visite terrain du Directeur g\u00e9n\u00e9ral adjoint pour un partenariat recentr\u00e9 sur les priorit\u00e9s du pays<\/a><\/h2><\/header><div class=\"eael-entry-header-after\"><div class=\"eael-author-avatar\"><a href=\"https:\/\/diplomatie.gov.bf\/index.php\/author\/kobie1\/\"><img alt='D\u00e9sir\u00e9 KOBIE' src='https:\/\/secure.gravatar.com\/avatar\/5b6e7ec6386cb7d5db2454f1f88749f1912d90acec4e2d0bfa2200c48756702d?s=96&#038;d=mm&#038;r=g' srcset='https:\/\/secure.gravatar.com\/avatar\/5b6e7ec6386cb7d5db2454f1f88749f1912d90acec4e2d0bfa2200c48756702d?s=192&#038;d=mm&#038;r=g 2x' class='avatar avatar-96 photo' height='96' width='96' \/><\/a><\/div><div class=\"eael-entry-meta\"><span class=\"eael-posted-by\"><a href=\"https:\/\/diplomatie.gov.bf\/index.php\/author\/kobie1\/\" title=\"Posts by D\u00e9sir\u00e9 KOBIE\" rel=\"author\">D\u00e9sir\u00e9 KOBIE<\/a><\/span><span class=\"eael-posted-on\"><time datetime=\"16 avril 2026\">16 avril 2026<\/time><\/span><\/div><\/div><div class=\"eael-entry-content\">\n                        <div class=\"eael-grid-post-excerpt\"><a href=\"https:\/\/diplomatie.gov.bf\/index.php\/cooperation-unicef-burkina-faso-une-visite-terrain-du-directeur-general-adjoint-pour-un-partenariat-recentre-sur-les-priorites-du-pays\/\" class=\"eael-post-elements-readmore-btn\">Lire plus<\/a><\/div>\n                    <\/div><\/div><\/div>\n        <\/div>\n    <\/article><article class=\"eael-grid-post  eael-post-grid-column eael-pg-post-15844 category-actualites\" data-id=\"15844\">\n        <div class=\"eael-grid-post-holder\">\n            <div class=\"eael-grid-post-holder-inner\"><div class=\"eael-entry-media\"><div class=\"eael-entry-overlay fade-in\"><i class=\"fas fa-long-arrow-alt-right\" aria-hidden=\"true\"><\/i><a href=\"https:\/\/diplomatie.gov.bf\/index.php\/cooperation-burkina-faso-federation-de-russie-lambassadeur-russe-et-le-chef-de-la-diplomatie-se-concertent-en-vue-de-consolider-davantage-laxe-ouagadougou-moscou\/\"><\/a><\/div><div class=\"eael-entry-thumbnail \">\n                <img loading=\"lazy\" decoding=\"async\" width=\"300\" height=\"197\" src=\"https:\/\/diplomatie.gov.bf\/wp-content\/uploads\/2026\/04\/671079917_1392206616268623_1061634561426948010_n-300x197.jpg\" class=\"attachment-medium size-medium wp-image-15845\" alt=\"\" srcset=\"https:\/\/diplomatie.gov.bf\/wp-content\/uploads\/2026\/04\/671079917_1392206616268623_1061634561426948010_n-300x197.jpg 300w, https:\/\/diplomatie.gov.bf\/wp-content\/uploads\/2026\/04\/671079917_1392206616268623_1061634561426948010_n-1024x673.jpg 1024w, https:\/\/diplomatie.gov.bf\/wp-content\/uploads\/2026\/04\/671079917_1392206616268623_1061634561426948010_n-768x504.jpg 768w, https:\/\/diplomatie.gov.bf\/wp-content\/uploads\/2026\/04\/671079917_1392206616268623_1061634561426948010_n-1536x1009.jpg 1536w, https:\/\/diplomatie.gov.bf\/wp-content\/uploads\/2026\/04\/671079917_1392206616268623_1061634561426948010_n.jpg 2048w\" sizes=\"(max-width: 300px) 100vw, 300px\" \/>\n            <\/div>\n        <\/div><div class=\"eael-entry-wrapper\"><header class=\"eael-entry-header\"><h2 class=\"eael-entry-title\"><a class=\"eael-grid-post-link\" href=\"https:\/\/diplomatie.gov.bf\/index.php\/cooperation-burkina-faso-federation-de-russie-lambassadeur-russe-et-le-chef-de-la-diplomatie-se-concertent-en-vue-de-consolider-davantage-laxe-ouagadougou-moscou\/\" title=\"Coop\u00e9ration Burkina Faso-F\u00e9d\u00e9ration de Russie: l\u2019Ambassadeur russe et le Chef de la diplomatie se concertent en vue de consolider davantage l&rsquo;axe Ouagadougou-Moscou\">Coop\u00e9ration Burkina Faso-F\u00e9d\u00e9ration de Russie: l\u2019Ambassadeur russe et le Chef de la diplomatie se concertent en vue de consolider davantage l&rsquo;axe Ouagadougou-Moscou<\/a><\/h2><\/header><div class=\"eael-entry-header-after\"><div class=\"eael-author-avatar\"><a href=\"https:\/\/diplomatie.gov.bf\/index.php\/author\/kobie1\/\"><img alt='D\u00e9sir\u00e9 KOBIE' src='https:\/\/secure.gravatar.com\/avatar\/5b6e7ec6386cb7d5db2454f1f88749f1912d90acec4e2d0bfa2200c48756702d?s=96&#038;d=mm&#038;r=g' srcset='https:\/\/secure.gravatar.com\/avatar\/5b6e7ec6386cb7d5db2454f1f88749f1912d90acec4e2d0bfa2200c48756702d?s=192&#038;d=mm&#038;r=g 2x' class='avatar avatar-96 photo' height='96' width='96' \/><\/a><\/div><div class=\"eael-entry-meta\"><span class=\"eael-posted-by\"><a href=\"https:\/\/diplomatie.gov.bf\/index.php\/author\/kobie1\/\" title=\"Posts by D\u00e9sir\u00e9 KOBIE\" rel=\"author\">D\u00e9sir\u00e9 KOBIE<\/a><\/span><span class=\"eael-posted-on\"><time datetime=\"16 avril 2026\">16 avril 2026<\/time><\/span><\/div><\/div><div class=\"eael-entry-content\">\n                        <div class=\"eael-grid-post-excerpt\"><a href=\"https:\/\/diplomatie.gov.bf\/index.php\/cooperation-burkina-faso-federation-de-russie-lambassadeur-russe-et-le-chef-de-la-diplomatie-se-concertent-en-vue-de-consolider-davantage-laxe-ouagadougou-moscou\/\" class=\"eael-post-elements-readmore-btn\">Lire plus<\/a><\/div>\n                    <\/div><\/div><\/div>\n        <\/div>\n    <\/article><\/div>\n            <div class=\"clearfix\"><\/div>\n        <\/div>            <div class=\"eael-load-more-button-wrap\">\n                <button class=\"eael-load-more-button\" id=\"eael-load-more-btn-b4b818d\" data-widget-id=\"b4b818d\" data-widget=\"b4b818d\" data-page-id=\"8564\" data-template=\"{&quot;dir&quot;:&quot;lite&quot;,&quot;file_name&quot;:&quot;one.php&quot;,&quot;name&quot;:&quot;Post-Grid&quot;}\" data-class=\"Essential_Addons_Elementor\\Elements\\Post_Grid\" data-layout=\"grid\" data-page=\"1\" data-args=\"orderby=date&amp;order=desc&amp;ignore_sticky_posts=1&amp;post_status=publish&amp;posts_per_page=6&amp;offset=0&amp;post_type=post&amp;tax_query%5B0%5D%5Btaxonomy%5D=category&amp;tax_query%5B0%5D%5Bfield%5D=term_id&amp;tax_query%5B0%5D%5Bterms%5D%5B0%5D=21&amp;tax_query%5Brelation%5D=AND\" data-max-page=\"44\">\n                    <span class=\"eael-btn-loader button__loader\"><\/span>\n                    <span class=\"eael_load_more_text\">Load More<\/span>\n                <\/button>\n            <\/div>\n            \t\t\t\t<\/div>\n\t\t\t\t<\/div>\n\t\t\t\t\t<\/div>\n\t\t<\/div>\n\t\t\t\t\t<\/div>\n\t\t<\/section>\n\t\t\t\t<\/div>\n\t\t","protected":false},"excerpt":{"rendered":"<p>Coop\u00e9ration burkina faso \u2013 r\u00e9publique du mali : fin de s\u00e9jour du pr\u00e9sident assimi go\u00efta \u00e0 ouagadougou 26 juin 2024 Lire plus Diaspora burkinab\u00e8 du Maroc: des \u00e9changes \u00e0 b\u00e2tons rompus avec le ministre en charge des Burkinab\u00e8 de l\u2019Ext\u00e9rieur. 23 juin 2024 Lire plus Coop\u00e9ration Burkina Faso-Royaume du Maroc: aller vite et bien dans [&hellip;]<\/p>\n","protected":false},"author":18,"featured_media":0,"parent":0,"menu_order":0,"comment_status":"closed","ping_status":"closed","template":"template\/full-width-template.php","meta":{"footnotes":""},"class_list":["post-8564","page","type-page","status-publish","hentry"],"_links":{"self":[{"href":"https:\/\/diplomatie.gov.bf\/index.php\/wp-json\/wp\/v2\/pages\/8564","targetHints":{"allow":["GET"]}}],"collection":[{"href":"https:\/\/diplomatie.gov.bf\/index.php\/wp-json\/wp\/v2\/pages"}],"about":[{"href":"https:\/\/diplomatie.gov.bf\/index.php\/wp-json\/wp\/v2\/types\/page"}],"author":[{"embeddable":true,"href":"https:\/\/diplomatie.gov.bf\/index.php\/wp-json\/wp\/v2\/users\/18"}],"replies":[{"embeddable":true,"href":"https:\/\/diplomatie.gov.bf\/index.php\/wp-json\/wp\/v2\/comments?post=8564"}],"version-history":[{"count":13,"href":"https:\/\/diplomatie.gov.bf\/index.php\/wp-json\/wp\/v2\/pages\/8564\/revisions"}],"predecessor-version":[{"id":9410,"href":"https:\/\/diplomatie.gov.bf\/index.php\/wp-json\/wp\/v2\/pages\/8564\/revisions\/9410"}],"wp:attachment":[{"href":"https:\/\/diplomatie.gov.bf\/index.php\/wp-json\/wp\/v2\/media?parent=8564"}],"curies":[{"name":"wp","href":"https:\/\/api.w.org\/{rel}","templated":true}]}}