{"id":2180,"date":"2019-09-08T05:52:40","date_gmt":"2019-09-08T05:52:40","guid":{"rendered":"http:\/\/demo.themewinter.com\/wp\/instive\/?page_id=2180"},"modified":"2026-03-16T10:00:30","modified_gmt":"2026-03-16T10:00:30","slug":"mot-de-bienvenu-du-ministre","status":"publish","type":"page","link":"https:\/\/diplomatie.gov.bf\/index.php\/mot-de-bienvenu-du-ministre\/","title":{"rendered":"Mot de Bienvenu du Ministre"},"content":{"rendered":"\t\t<div data-elementor-type=\"wp-page\" data-elementor-id=\"2180\" class=\"elementor elementor-2180\" data-elementor-post-type=\"page\">\n\t\t\t\t\t\t<section data-particle_enable=\"false\" data-particle-mobile-disabled=\"false\" class=\"elementor-section elementor-top-section elementor-element elementor-element-546220c elementor-section-boxed elementor-section-height-default elementor-section-height-default\" data-id=\"546220c\" data-element_type=\"section\" data-e-type=\"section\">\n\t\t\t\t\t\t<div class=\"elementor-container elementor-column-gap-default\">\n\t\t\t\t\t<div class=\"elementor-column elementor-col-100 elementor-top-column elementor-element elementor-element-d238f05\" data-id=\"d238f05\" data-element_type=\"column\" data-e-type=\"column\">\n\t\t\t<div class=\"elementor-widget-wrap elementor-element-populated\">\n\t\t\t\t\t\t<section data-particle_enable=\"false\" data-particle-mobile-disabled=\"false\" class=\"elementor-section elementor-inner-section elementor-element elementor-element-379dffd elementor-reverse-mobile elementor-section-boxed elementor-section-height-default elementor-section-height-default\" data-id=\"379dffd\" data-element_type=\"section\" data-e-type=\"section\">\n\t\t\t\t\t\t<div class=\"elementor-container elementor-column-gap-default\">\n\t\t\t\t\t<div class=\"elementor-column elementor-col-50 elementor-inner-column elementor-element elementor-element-c34cd9e\" data-id=\"c34cd9e\" data-element_type=\"column\" data-e-type=\"column\">\n\t\t\t<div class=\"elementor-widget-wrap elementor-element-populated\">\n\t\t\t\t\t\t<div class=\"elementor-element elementor-element-c942cdb elementor-widget elementor-widget-text-editor\" data-id=\"c942cdb\" data-element_type=\"widget\" data-e-type=\"widget\" data-settings=\"{&quot;ekit_we_effect_on&quot;:&quot;none&quot;}\" data-widget_type=\"text-editor.default\">\n\t\t\t\t<div class=\"elementor-widget-container\">\n\t\t\t\t\t\t\t\t\t<p>Bienvenue sur le site officiel du Minist\u00e8re des Affaires \u00e9trang\u00e8res de la Coop\u00e9ration r\u00e9gionale et des Burkinab\u00e8 de l\u2019ext\u00e9rieur.<\/p><p>En tant que Ministre des Affaires \u00e9trang\u00e8res, c&rsquo;est avec une grande joie que je vous accueille sur notre plateforme num\u00e9rique. Ce site a \u00e9t\u00e9 con\u00e7u pour vous fournir des informations pr\u00e9cises et \u00e0 jour sur notre politique \u00e9trang\u00e8re, nos relations internationales, et les services que nous offrons aux citoyens burkinab\u00e8 et aux ressortissants \u00e9trangers.<\/p><p>Notre minist\u00e8re s&rsquo;engage \u00e0 promouvoir la paix, la s\u00e9curit\u00e9 et le d\u00e9veloppement \u00e0 travers une diplomatie dynamique et proactive. Nous nous effor\u00e7ons de renforcer les relations bilat\u00e9rales et multilat\u00e9rales, de d\u00e9fendre les int\u00e9r\u00eats du Burkina Faso \u00e0 l&rsquo;\u00e9tranger, et de favoriser la coop\u00e9ration internationale pour un avenir meilleur.<\/p><p>Vous trouverez sur ce site des ressources utiles, des actualit\u00e9s sur nos activit\u00e9s diplomatiques, des informations sur les ambassades et consulats du Burkina Faso \u00e0 travers le monde, ainsi que des renseignements sur les formalit\u00e9s administratives. Nous esp\u00e9rons que cette plateforme vous sera utile et vous invitons \u00e0 nous contacter pour toute question ou suggestion.<\/p><p>Merci de votre visite et bienvenue sur le site du Minist\u00e8re des Affaires \u00e9trang\u00e8res du Burkina Faso.<\/p>\t\t\t\t\t\t\t\t<\/div>\n\t\t\t\t<\/div>\n\t\t\t\t<div class=\"elementor-element elementor-element-6a347a5 elementor-hidden-desktop elementor-hidden-tablet elementor-hidden-mobile elementor-widget elementor-widget-image\" data-id=\"6a347a5\" data-element_type=\"widget\" data-e-type=\"widget\" data-settings=\"{&quot;ekit_we_effect_on&quot;:&quot;none&quot;}\" data-widget_type=\"image.default\">\n\t\t\t\t<div class=\"elementor-widget-container\">\n\t\t\t\t\t\t\t\t\t\t\t\t\t\t\t<img decoding=\"async\" src=\"http:\/\/demo.themewinter.com\/wp\/instive\/wp-content\/uploads\/2019\/09\/signature.png\" title=\"\" alt=\"\" loading=\"lazy\" \/>\t\t\t\t\t\t\t\t\t\t\t\t\t\t\t<\/div>\n\t\t\t\t<\/div>\n\t\t\t\t\t<\/div>\n\t\t<\/div>\n\t\t\t\t<div class=\"elementor-column elementor-col-50 elementor-inner-column elementor-element elementor-element-d273ca4\" data-id=\"d273ca4\" data-element_type=\"column\" data-e-type=\"column\">\n\t\t\t<div class=\"elementor-widget-wrap elementor-element-populated\">\n\t\t\t\t\t\t<div class=\"elementor-element elementor-element-1736198 shadow elementor-widget elementor-widget-image\" data-id=\"1736198\" data-element_type=\"widget\" data-e-type=\"widget\" data-settings=\"{&quot;ekit_we_effect_on&quot;:&quot;none&quot;}\" data-widget_type=\"image.default\">\n\t\t\t\t<div class=\"elementor-widget-container\">\n\t\t\t\t\t\t\t\t\t\t\t\t\t\t\t<img fetchpriority=\"high\" decoding=\"async\" width=\"777\" height=\"928\" src=\"https:\/\/diplomatie.gov.bf\/wp-content\/uploads\/2024\/06\/photo-ministre.jpg\" class=\"attachment-full size-full wp-image-8257\" alt=\"\" \/>\t\t\t\t\t\t\t\t\t\t\t\t\t\t\t<\/div>\n\t\t\t\t<\/div>\n\t\t\t\t<div class=\"elementor-element elementor-element-58db5cb elementor-widget__width-initial elementor-widget elementor-widget-elementskit-heading\" data-id=\"58db5cb\" data-element_type=\"widget\" data-e-type=\"widget\" data-settings=\"{&quot;ekit_we_effect_on&quot;:&quot;none&quot;}\" data-widget_type=\"elementskit-heading.default\">\n\t\t\t\t<div class=\"elementor-widget-container\">\n\t\t\t\t\t<div class=\"ekit-wid-con\" ><div class=\"ekit-heading elementskit-section-title-wraper text_center   ekit_heading_tablet-   ekit_heading_mobile-\"><h2 class=\"ekit-heading--title elementskit-section-title \">SEM Karamoko Jean Marie TRAORE   <\/h2><h3 class=\"ekit-heading--subtitle elementskit-section-subtitle  \">\n\t\t\t\t\t\tMinistre des Affaires \u00e9trang\u00e8res\n\t\t\t\t\t<\/h3>\t\t\t\t<div class='ekit-heading__description'>\n\t\t\t\t\t<p>Officier de l\u2019ordre de l\u2019Etalon<\/p>\n\t\t\t\t<\/div>\n\t\t\t<\/div><\/div>\t\t\t\t<\/div>\n\t\t\t\t<\/div>\n\t\t\t\t\t<\/div>\n\t\t<\/div>\n\t\t\t\t\t<\/div>\n\t\t<\/section>\n\t\t\t\t\t<\/div>\n\t\t<\/div>\n\t\t\t\t\t<\/div>\n\t\t<\/section>\n\t\t\t\t<\/div>\n\t\t","protected":false},"excerpt":{"rendered":"<p>Bienvenue sur le site officiel du Minist\u00e8re des Affaires \u00e9trang\u00e8res de la Coop\u00e9ration r\u00e9gionale et des Burkinab\u00e8 de l\u2019ext\u00e9rieur. En tant que Ministre des Affaires \u00e9trang\u00e8res, c&rsquo;est avec une grande joie que je vous accueille sur notre plateforme num\u00e9rique. Ce site a \u00e9t\u00e9 con\u00e7u pour vous fournir des informations pr\u00e9cises et \u00e0 jour sur notre [&hellip;]<\/p>\n","protected":false},"author":1,"featured_media":0,"parent":0,"menu_order":0,"comment_status":"closed","ping_status":"closed","template":"template\/full-width-template.php","meta":{"footnotes":""},"class_list":["post-2180","page","type-page","status-publish","hentry"],"_links":{"self":[{"href":"https:\/\/diplomatie.gov.bf\/index.php\/wp-json\/wp\/v2\/pages\/2180","targetHints":{"allow":["GET"]}}],"collection":[{"href":"https:\/\/diplomatie.gov.bf\/index.php\/wp-json\/wp\/v2\/pages"}],"about":[{"href":"https:\/\/diplomatie.gov.bf\/index.php\/wp-json\/wp\/v2\/types\/page"}],"author":[{"embeddable":true,"href":"https:\/\/diplomatie.gov.bf\/index.php\/wp-json\/wp\/v2\/users\/1"}],"replies":[{"embeddable":true,"href":"https:\/\/diplomatie.gov.bf\/index.php\/wp-json\/wp\/v2\/comments?post=2180"}],"version-history":[{"count":48,"href":"https:\/\/diplomatie.gov.bf\/index.php\/wp-json\/wp\/v2\/pages\/2180\/revisions"}],"predecessor-version":[{"id":15522,"href":"https:\/\/diplomatie.gov.bf\/index.php\/wp-json\/wp\/v2\/pages\/2180\/revisions\/15522"}],"wp:attachment":[{"href":"https:\/\/diplomatie.gov.bf\/index.php\/wp-json\/wp\/v2\/media?parent=2180"}],"curies":[{"name":"wp","href":"https:\/\/api.w.org\/{rel}","templated":true}]}}