{"id":11900,"date":"2024-10-09T12:24:15","date_gmt":"2024-10-09T10:24:15","guid":{"rendered":"https:\/\/diplomatie.gov.bf\/?page_id=11900"},"modified":"2024-10-09T12:40:04","modified_gmt":"2024-10-09T10:40:04","slug":"mentions-legales","status":"publish","type":"page","link":"https:\/\/diplomatie.gov.bf\/index.php\/mentions-legales\/","title":{"rendered":"Mentions l\u00e9gales"},"content":{"rendered":"\t\t<div data-elementor-type=\"wp-page\" data-elementor-id=\"11900\" class=\"elementor elementor-11900\" data-elementor-post-type=\"page\">\n\t\t\t\t<div data-particle_enable=\"false\" data-particle-mobile-disabled=\"false\" class=\"elementor-element elementor-element-baa6363 e-flex e-con-boxed e-con e-parent\" data-id=\"baa6363\" data-element_type=\"container\" data-e-type=\"container\">\n\t\t\t\t\t<div class=\"e-con-inner\">\n\t\t\t\t<div class=\"elementor-element elementor-element-5877278 elementor-widget elementor-widget-text-editor\" data-id=\"5877278\" data-element_type=\"widget\" data-e-type=\"widget\" data-settings=\"{&quot;ekit_we_effect_on&quot;:&quot;none&quot;}\" data-widget_type=\"text-editor.default\">\n\t\t\t\t<div class=\"elementor-widget-container\">\n\t\t\t\t\t\t\t\t\t<h3 class=\"wp-block-heading\">Qui sommes-nous?<\/h3><p style=\"padding-left: 40px;\">L\u2019adresse officielle de notre site web est :\u00a0<span style=\"color: #ff0000;\"><a style=\"color: #ff0000;\" href=\"https:\/\/diplomatie.gov.bf\/\">https:\/\/diplomatie.gov.bf\/<\/a><\/span><\/p><h3 class=\"wp-block-heading\">Quelles donn\u00e9es personnelles nous collectons et pourquoi nous les collectons?<\/h3><h3 class=\"wp-block-heading\">Media<\/h3><p style=\"padding-left: 40px;\">Si vous t\u00e9l\u00e9chargez des images sur le site Web, vous devez \u00e9viter de t\u00e9l\u00e9charger des images contenant des donn\u00e9es de localisation int\u00e9gr\u00e9es (GPS EXIF). Les visiteurs du site Web peuvent t\u00e9l\u00e9charger et extraire toutes les donn\u00e9es de localisation des images du site Web.<\/p><h3 class=\"wp-block-heading\">Formulaire de contact<\/h3><h3 class=\"wp-block-heading\">Cookies<\/h3><p style=\"padding-left: 40px;\">Si vous laissez un commentaire sur notre site, vous pouvez choisir d\u2019enregistrer votre nom, votre adresse e-mail et votre site Web dans des cookies. Ces informations sont destin\u00e9es \u00e0 votre commodit\u00e9 afin que vous n\u2019ayez pas \u00e0 remplir \u00e0 nouveau vos coordonn\u00e9es lorsque vous laissez un autre commentaire. Ces cookies dureront un an.<\/p><p style=\"padding-left: 40px;\">Si vous visitez notre page de connexion, nous d\u00e9finirons un cookie temporaire pour d\u00e9terminer si votre navigateur accepte les cookies. Ce cookie ne contient aucune donn\u00e9e personnelle et est supprim\u00e9 lorsque vous fermez votre navigateur.<\/p><p style=\"padding-left: 40px;\">Lors de votre connexion, nous mettrons \u00e9galement en place plusieurs cookies pour enregistrer vos informations de connexion et vos choix d\u2019affichage \u00e0 l\u2019\u00e9cran. Les cookies de connexion durent deux jours et les cookies d\u2019options d\u2019\u00e9cran durent un an. Si vous s\u00e9lectionnez \u00ab Se souvenir de moi \u00bb, votre connexion persistera pendant deux semaines. Si vous vous d\u00e9connectez de votre compte, les cookies de connexion seront supprim\u00e9s.<\/p><p style=\"padding-left: 40px;\">Si vous modifiez ou publiez un article, un cookie suppl\u00e9mentaire sera enregistr\u00e9 dans votre navigateur. Ce cookie n\u2019inclut aucune donn\u00e9e personnelle et indique simplement l\u2019identifiant de la publication de l\u2019article que vous venez de modifier. Il expire apr\u00e8s 1 jour.<\/p><h3 class=\"wp-block-heading\">Analytiques<\/h3><p style=\"padding-left: 40px;\">Avec qui partageons-nous vos donn\u00e9es<\/p><p style=\"padding-left: 40px;\">Combien de temps conservons-nous vos donn\u00e9es<\/p><p style=\"padding-left: 40px;\">Si vous laissez un commentaire, le commentaire et ses m\u00e9tadonn\u00e9es sont conserv\u00e9s ind\u00e9finiment. Cela nous permet de reconna\u00eetre et d\u2019approuver automatiquement tous les commentaires suivants au lieu de les conserver dans une file d\u2019attente de mod\u00e9ration.<\/p><p style=\"padding-left: 40px;\">Pour les utilisateurs qui s\u2019inscrivent sur notre site Web (le cas \u00e9ch\u00e9ant), nous stockons \u00e9galement les informations personnelles qu\u2019ils fournissent dans leur profil d\u2019utilisateur. Tous les utilisateurs peuvent voir, modifier ou supprimer leurs informations personnelles \u00e0 tout moment (sauf qu\u2019ils ne peuvent pas modifier leur nom d\u2019utilisateur). Les administrateurs de sites Web peuvent \u00e9galement voir et modifier ces informations.<\/p><h3 class=\"wp-block-heading\">Quels sont vos droits sur vos donn\u00e9es?<\/h3><p style=\"padding-left: 40px;\">Si vous avez un compte sur ce site ou si vous avez laiss\u00e9 des commentaires, vous pouvez demander \u00e0 recevoir un fichier export\u00e9 des donn\u00e9es personnelles que nous d\u00e9tenons \u00e0 votre sujet, y compris toutes les donn\u00e9es que vous nous avez fournies. Vous pouvez \u00e9galement demander que nous supprimions toutes les donn\u00e9es personnelles que nous d\u00e9tenons \u00e0 votre sujet. Cela n\u2019inclut pas les donn\u00e9es que nous sommes oblig\u00e9s de conserver \u00e0 des fins administratives, juridiques ou de s\u00e9curit\u00e9.<\/p><h3 class=\"wp-block-heading\">O\u00f9 envoyons-nous vos donn\u00e9es?<\/h3><h3 class=\"wp-block-heading\">Informations Compl\u00e9mentaires<\/h3><h3 class=\"wp-block-heading\">Comment nous prot\u00e9geons vos donn\u00e9es?<\/h3><h3 class=\"wp-block-heading\">Quelles proc\u00e9dures de violation de donn\u00e9es avons-nous mises en place ?<\/h3><h3 class=\"wp-block-heading\">De quels tiers nous recevons des donn\u00e9es?<\/h3><h3 class=\"wp-block-heading\">Quelle prise de d\u00e9cision automatis\u00e9e et\/ou profilage nous effectuons avec les donn\u00e9es des utilisateurs<\/h3><h3 class=\"wp-block-heading\">Exigences de divulgation r\u00e9glementaires du secteur<\/h3>\t\t\t\t\t\t\t\t<\/div>\n\t\t\t\t<\/div>\n\t\t\t\t\t<\/div>\n\t\t\t\t<\/div>\n\t\t\t\t<\/div>\n\t\t","protected":false},"excerpt":{"rendered":"<p>Qui sommes-nous? L\u2019adresse officielle de notre site web est :\u00a0https:\/\/diplomatie.gov.bf\/ Quelles donn\u00e9es personnelles nous collectons et pourquoi nous les collectons? Media Si vous t\u00e9l\u00e9chargez des images sur le site Web, vous devez \u00e9viter de t\u00e9l\u00e9charger des images contenant des donn\u00e9es de localisation int\u00e9gr\u00e9es (GPS EXIF). Les visiteurs du site Web peuvent t\u00e9l\u00e9charger et extraire toutes [&hellip;]<\/p>\n","protected":false},"author":9,"featured_media":0,"parent":0,"menu_order":0,"comment_status":"closed","ping_status":"closed","template":"template\/full-width-template.php","meta":{"footnotes":""},"class_list":["post-11900","page","type-page","status-publish","hentry"],"_links":{"self":[{"href":"https:\/\/diplomatie.gov.bf\/index.php\/wp-json\/wp\/v2\/pages\/11900","targetHints":{"allow":["GET"]}}],"collection":[{"href":"https:\/\/diplomatie.gov.bf\/index.php\/wp-json\/wp\/v2\/pages"}],"about":[{"href":"https:\/\/diplomatie.gov.bf\/index.php\/wp-json\/wp\/v2\/types\/page"}],"author":[{"embeddable":true,"href":"https:\/\/diplomatie.gov.bf\/index.php\/wp-json\/wp\/v2\/users\/9"}],"replies":[{"embeddable":true,"href":"https:\/\/diplomatie.gov.bf\/index.php\/wp-json\/wp\/v2\/comments?post=11900"}],"version-history":[{"count":16,"href":"https:\/\/diplomatie.gov.bf\/index.php\/wp-json\/wp\/v2\/pages\/11900\/revisions"}],"predecessor-version":[{"id":11921,"href":"https:\/\/diplomatie.gov.bf\/index.php\/wp-json\/wp\/v2\/pages\/11900\/revisions\/11921"}],"wp:attachment":[{"href":"https:\/\/diplomatie.gov.bf\/index.php\/wp-json\/wp\/v2\/media?parent=11900"}],"curies":[{"name":"wp","href":"https:\/\/api.w.org\/{rel}","templated":true}]}}