{"id":11837,"date":"2024-10-04T13:27:03","date_gmt":"2024-10-04T11:27:03","guid":{"rendered":"https:\/\/diplomatie.gov.bf\/?page_id=11837"},"modified":"2026-04-02T13:08:29","modified_gmt":"2026-04-02T13:08:29","slug":"avis-de-vacances-de-postes","status":"publish","type":"page","link":"https:\/\/diplomatie.gov.bf\/index.php\/annonces\/avis-de-vacances-de-postes\/","title":{"rendered":"Avis de vacances de postes"},"content":{"rendered":"\t\t<div data-elementor-type=\"wp-page\" data-elementor-id=\"11837\" class=\"elementor elementor-11837\" data-elementor-post-type=\"page\">\n\t\t\t\t<div data-particle_enable=\"false\" data-particle-mobile-disabled=\"false\" class=\"elementor-element elementor-element-567ea3f e-flex e-con-boxed e-con e-parent\" data-id=\"567ea3f\" data-element_type=\"container\" data-e-type=\"container\">\n\t\t\t\t\t<div class=\"e-con-inner\">\n\t\t\t\t<div class=\"elementor-element elementor-element-88019ec elementor-widget elementor-widget-wpdm-all-packages\" data-id=\"88019ec\" data-element_type=\"widget\" data-e-type=\"widget\" data-settings=\"{&quot;ekit_we_effect_on&quot;:&quot;none&quot;}\" data-widget_type=\"wpdm-all-packages.default\">\n\t\t\t\t<div class=\"elementor-widget-container\">\n\t\t\t\t\t<style>\n    .wpdmdt-toolbar {\n        padding: 10px;\n    }\n    .wpdmdt-toolbarb {\n        padding: 5px 10px 10px;\n    }\n    .wpdmdt-toolbar > div {\n        display: inline-block;\n    }\n    table,td,th{\n        border: 0;\n    }\n    #wpdm-all-packages .card{\n        overflow: hidden;\n    }\n    .dataTables_wrapper .table{\n        margin: 0;\n    }\n    #wpdmmydls-a81ee37adda9eb1146b94a475f323e9c{\n        border-bottom: 1px solid #dddddd;\n        border-top: 1px solid #dddddd;\n        font-size: 10pt;\n        min-width: 100%;\n    }\n    #wpdmmydls-a81ee37adda9eb1146b94a475f323e9c .wpdm-download-link img{\n        box-shadow: none !important;\n        max-width: 100%;\n    }\n    .w3eden .pagination{\n        margin: 0 !important;\n    }\n    #wpdmmydls-a81ee37adda9eb1146b94a475f323e9c td:not(:first-child){\n        vertical-align: middle !important;\n    }\n    #wpdmmydls-a81ee37adda9eb1146b94a475f323e9c td.__dt_col_download_link .btn{\n        display: flex;\n        width: 100%;\n    }\n    #wpdmmydls-a81ee37adda9eb1146b94a475f323e9c td.__dt_col_download_link,\n    #wpdmmydls-a81ee37adda9eb1146b94a475f323e9c th#download_link{\n        max-width: 155px !important;\n        width: 155px;\n\n    }\n    #wpdmmydls-a81ee37adda9eb1146b94a475f323e9c th{\n        background-color: rgba(0,0,0,0.04);\n        border-bottom: 1px solid rgba(0,0,0,0.025);\n    }\n    #wpdmmydls-a81ee37adda9eb1146b94a475f323e9c_length label,\n    #wpdmmydls-a81ee37adda9eb1146b94a475f323e9c_filter label{\n        font-weight: 400;\n    }\n    #wpdmmydls-a81ee37adda9eb1146b94a475f323e9c_filter input[type=search]{\n        display: inline-block;\n        width: 200px;\n    }\n    #wpdmmydls-a81ee37adda9eb1146b94a475f323e9c_length select{\n        display: inline-block;\n        width: 60px;\n    }\n\n    #wpdmmydls-a81ee37adda9eb1146b94a475f323e9c .package-title{\n        color:#36597C;\n        font-size: 11pt;\n        font-weight: 700;\n    }\n    #wpdmmydls-a81ee37adda9eb1146b94a475f323e9c .small-txt{\n        margin-right: 7px;\n    }\n    #wpdmmydls-a81ee37adda9eb1146b94a475f323e9c td{\n        min-width: 150px;\n    }\n\n    #wpdmmydls-a81ee37adda9eb1146b94a475f323e9c td.__dt_col_categories{\n        max-width: 300px;\n    }\n\n    #wpdmmydls-a81ee37adda9eb1146b94a475f323e9c .small-txt,\n    #wpdmmydls-a81ee37adda9eb1146b94a475f323e9c small{\n        font-size: 9pt;\n    }\n    .w3eden .table-striped tbody tr:nth-of-type(2n+1) {\n        background-color: rgba(0,0,0,0.015);\n    }\n    .dataTables_wrapper .dataTables_paginate .paginate_button:active,\n    .dataTables_wrapper .dataTables_paginate .paginate_button:focus,\n    .dataTables_wrapper .dataTables_paginate .paginate_button:hover,\n    .dataTables_wrapper .dataTables_paginate .paginate_button{\n        margin: 0 !important;\n        padding: 0 !important;\n        border: 0 !important;\n        background: transparent !important;\n    }\n\n\n    @media (max-width: 799px) {\n        #wpdmmydls-a81ee37adda9eb1146b94a475f323e9c tr {\n            display: block;\n            border: 3px solid rgba(0,0,0,0.3) !important;\n            margin-bottom: 10px !important;\n            position: relative;\n        }\n        #wpdmmydls-a81ee37adda9eb1146b94a475f323e9c thead{\n            display: none;\n        }\n        #wpdmmydls-a81ee37adda9eb1146b94a475f323e9c,\n        #wpdmmydls-a81ee37adda9eb1146b94a475f323e9c td:first-child {\n            border: 0 !important;\n        }\n        #wpdmmydls-a81ee37adda9eb1146b94a475f323e9c td {\n            display: block;\n        }\n        #wpdmmydls-a81ee37adda9eb1146b94a475f323e9c td.__dt_col_download_link {\n            display: block;\n            max-width: 100% !important;\n            width: auto !important;\n\n        }\n    }\n\n\n<\/style>\n<div class=\"w3eden\">\n    <div id=\"wpdm-all-packages\">\n        <table id=\"wpdmmydls-a81ee37adda9eb1146b94a475f323e9c\" class=\"table table-striped wpdm-all-packages-table\">\n            <thead>\n            <tr>\n                                <th style=\"\"  id=\"publishdate\" class=\"\">Date de mise \u00e0 jour<\/th>\n                                <th style=\"\"  id=\"title\" class=\"hidden-sm hidden-xs\">Titre du document<\/th>\n                                <th style=\"width: 120px !important;max-width: 120px !important;\"  id=\"downloadlink\" class=\"hidden-sm hidden-xs\">T\u00e9l\u00e9charger<\/th>\n                \n            <\/tr>\n            <\/thead>\n            <tbody>\n            \n                    <tr class=\"__dt_row\">\n                                                <td  data-order=\"1775001600\"  class=\"__dt_col_0 __dt_col __dt_col_publish_date\" style=\"background-image: url('https:\/\/diplomatie.gov.bf\/wp-content\/plugins\/download-manager\/assets\/file-type-icons\/pdf.svg');background-size: 36px;background-position: 5px 8px;background-repeat:  no-repeat;padding-left: 52px;line-height: normal;\">\n                            <span class='__dt_publish_date '>1 avril 2026<\/span><div class=\"hidden-md hidden-lg td-mobile\"><\/div>\n\n                        <\/td>\n                                                <td  class=\"__dt_col_1 __dt_col __dt_col_title\" >\n                            <strong>Avis de vacances de postes du 31 Mars 2026<\/strong><br\/><span class='__dt_download_count small-txt'><i class=\"far fa-arrow-alt-circle-down\"><\/i> 3380 t\u00e9l\u00e9chargements<\/span>\n\n                        <\/td>\n                                                <td  class=\"__dt_col_2 __dt_col __dt_col_download_link\" >\n                            <a class='wpdm-download-link download-on-click btn btn-success ' rel='nofollow' href='#' data-downloadurl=\"https:\/\/diplomatie.gov.bf\/index.php\/download\/avis-de-vacances-de-postes-du-31-mars-2026\/?wpdmdl=15642&refresh=69d42a2f077ea1775512111\">T\u00e9l\u00e9charger<\/a>\n\n                        <\/td>\n                        \n                    <\/tr>\n                \n                    <tr class=\"__dt_row\">\n                                                <td  data-order=\"1772668800\"  class=\"__dt_col_0 __dt_col __dt_col_publish_date\" style=\"background-image: url('https:\/\/diplomatie.gov.bf\/wp-content\/plugins\/download-manager\/assets\/file-type-icons\/pdf.svg');background-size: 36px;background-position: 5px 8px;background-repeat:  no-repeat;padding-left: 52px;line-height: normal;\">\n                            <span class='__dt_publish_date '>5 mars 2026<\/span><div class=\"hidden-md hidden-lg td-mobile\"><\/div>\n\n                        <\/td>\n                                                <td  class=\"__dt_col_1 __dt_col __dt_col_title\" >\n                            <strong>AVIS DE VACANCES DE POSTES &#8211; PUBLICATION DU 28 FEVRIER 2026<\/strong><br\/><span class='__dt_download_count small-txt'><i class=\"far fa-arrow-alt-circle-down\"><\/i> 547 t\u00e9l\u00e9chargements<\/span>\n\n                        <\/td>\n                                                <td  class=\"__dt_col_2 __dt_col __dt_col_download_link\" >\n                            <a class='wpdm-download-link download-on-click btn btn-success ' rel='nofollow' href='#' data-downloadurl=\"https:\/\/diplomatie.gov.bf\/index.php\/download\/avis-de-vacances-de-postes-publication-du-28-fevrier-2026\/?wpdmdl=15214&refresh=69d42a2f08dbb1775512111\">T\u00e9l\u00e9charger<\/a>\n\n                        <\/td>\n                        \n                    <\/tr>\n                \n                    <tr class=\"__dt_row\">\n                                                <td  data-order=\"1767571200\"  class=\"__dt_col_0 __dt_col __dt_col_publish_date\" style=\"background-image: url('https:\/\/diplomatie.gov.bf\/wp-content\/plugins\/download-manager\/assets\/file-type-icons\/pdf.svg');background-size: 36px;background-position: 5px 8px;background-repeat:  no-repeat;padding-left: 52px;line-height: normal;\">\n                            <span class='__dt_publish_date '>5 janvier 2026<\/span><div class=\"hidden-md hidden-lg td-mobile\"><\/div>\n\n                        <\/td>\n                                                <td  class=\"__dt_col_1 __dt_col __dt_col_title\" >\n                            <strong>AVIS DE VACANCES DE POSTES DU 24 DECEMBRE 2025<\/strong><br\/><span class='__dt_download_count small-txt'><i class=\"far fa-arrow-alt-circle-down\"><\/i> 675 t\u00e9l\u00e9chargements<\/span>\n\n                        <\/td>\n                                                <td  class=\"__dt_col_2 __dt_col __dt_col_download_link\" >\n                            <a class='wpdm-download-link download-on-click btn btn-success ' rel='nofollow' href='#' data-downloadurl=\"https:\/\/diplomatie.gov.bf\/index.php\/download\/avis-de-vacances-de-postes-du-24-decembre-2025\/?wpdmdl=15115&refresh=69d42a2f0a2d61775512111\">T\u00e9l\u00e9charger<\/a>\n\n                        <\/td>\n                        \n                    <\/tr>\n                \n                    <tr class=\"__dt_row\">\n                                                <td  data-order=\"1744070400\"  class=\"__dt_col_0 __dt_col __dt_col_publish_date\" style=\"background-image: url('https:\/\/diplomatie.gov.bf\/wp-content\/plugins\/download-manager\/assets\/file-type-icons\/pdf.svg');background-size: 36px;background-position: 5px 8px;background-repeat:  no-repeat;padding-left: 52px;line-height: normal;\">\n                            <span class='__dt_publish_date '>8 avril 2025<\/span><div class=\"hidden-md hidden-lg td-mobile\"><\/div>\n\n                        <\/td>\n                                                <td  class=\"__dt_col_1 __dt_col __dt_col_title\" >\n                            <strong>AVIS DE VACANCES DE POSTES DU 03 AVRIL 2025<\/strong><br\/><span class='__dt_download_count small-txt'><i class=\"far fa-arrow-alt-circle-down\"><\/i> 354 t\u00e9l\u00e9chargements<\/span>\n\n                        <\/td>\n                                                <td  class=\"__dt_col_2 __dt_col __dt_col_download_link\" >\n                            <a class='wpdm-download-link download-on-click btn btn-success ' rel='nofollow' href='#' data-downloadurl=\"https:\/\/diplomatie.gov.bf\/index.php\/download\/avis-de-vacances-de-postes-du-03-avril-2025\/?wpdmdl=14622&refresh=69d42a2f0b8091775512111\">T\u00e9l\u00e9charger<\/a>\n\n                        <\/td>\n                        \n                    <\/tr>\n                \n                    <tr class=\"__dt_row\">\n                                                <td  data-order=\"1738540800\"  class=\"__dt_col_0 __dt_col __dt_col_publish_date\" style=\"background-image: url('https:\/\/diplomatie.gov.bf\/wp-content\/plugins\/download-manager\/assets\/file-type-icons\/pdf.svg');background-size: 36px;background-position: 5px 8px;background-repeat:  no-repeat;padding-left: 52px;line-height: normal;\">\n                            <span class='__dt_publish_date '>3 f\u00e9vrier 2025<\/span><div class=\"hidden-md hidden-lg td-mobile\"><\/div>\n\n                        <\/td>\n                                                <td  class=\"__dt_col_1 __dt_col __dt_col_title\" >\n                            <strong>Avis de Vacances de Postes du 31 JANVIER 2025<\/strong><br\/><span class='__dt_download_count small-txt'><i class=\"far fa-arrow-alt-circle-down\"><\/i> 116 t\u00e9l\u00e9chargements<\/span>\n\n                        <\/td>\n                                                <td  class=\"__dt_col_2 __dt_col __dt_col_download_link\" >\n                            <a class='wpdm-download-link download-on-click btn btn-success ' rel='nofollow' href='#' data-downloadurl=\"https:\/\/diplomatie.gov.bf\/index.php\/download\/ais-de-vacances-de-postes-du-31-janvier-2025\/?wpdmdl=13778&refresh=69d42a2f0ce241775512111\">T\u00e9l\u00e9charger<\/a>\n\n                        <\/td>\n                        \n                    <\/tr>\n                \n                    <tr class=\"__dt_row\">\n                                                <td  data-order=\"1734652800\"  class=\"__dt_col_0 __dt_col __dt_col_publish_date\" style=\"background-image: url('https:\/\/diplomatie.gov.bf\/wp-content\/plugins\/download-manager\/assets\/file-type-icons\/pdf.svg');background-size: 36px;background-position: 5px 8px;background-repeat:  no-repeat;padding-left: 52px;line-height: normal;\">\n                            <span class='__dt_publish_date '>20 d\u00e9cembre 2024<\/span><div class=\"hidden-md hidden-lg td-mobile\"><\/div>\n\n                        <\/td>\n                                                <td  class=\"__dt_col_1 __dt_col __dt_col_title\" >\n                            <strong>AVP DU 20 DECEMBRE 2024<\/strong><br\/><span class='__dt_download_count small-txt'><i class=\"far fa-arrow-alt-circle-down\"><\/i> 70 t\u00e9l\u00e9chargements<\/span>\n\n                        <\/td>\n                                                <td  class=\"__dt_col_2 __dt_col __dt_col_download_link\" >\n                            <a class='wpdm-download-link download-on-click btn btn-success ' rel='nofollow' href='#' data-downloadurl=\"https:\/\/diplomatie.gov.bf\/index.php\/download\/avp-du-20-decembre-2024\/?wpdmdl=13549&refresh=69d42a2f0e35a1775512111\">T\u00e9l\u00e9charger<\/a>\n\n                        <\/td>\n                        \n                    <\/tr>\n                \n                    <tr class=\"__dt_row\">\n                                                <td  data-order=\"1728000000\"  class=\"__dt_col_0 __dt_col __dt_col_publish_date\" style=\"background-image: url('https:\/\/diplomatie.gov.bf\/wp-content\/plugins\/download-manager\/assets\/file-type-icons\/pdf.svg');background-size: 36px;background-position: 5px 8px;background-repeat:  no-repeat;padding-left: 52px;line-height: normal;\">\n                            <span class='__dt_publish_date '>4 octobre 2024<\/span><div class=\"hidden-md hidden-lg td-mobile\"><\/div>\n\n                        <\/td>\n                                                <td  class=\"__dt_col_1 __dt_col __dt_col_title\" >\n                            <strong>DPEN-FICHE DE PUBLICATION AVP DU 29 SEPTEMBRE 2024<\/strong><br\/><span class='__dt_download_count small-txt'><i class=\"far fa-arrow-alt-circle-down\"><\/i> 62 t\u00e9l\u00e9chargements<\/span>\n\n                        <\/td>\n                                                <td  class=\"__dt_col_2 __dt_col __dt_col_download_link\" >\n                            <a class='wpdm-download-link download-on-click btn btn-success ' rel='nofollow' href='#' data-downloadurl=\"https:\/\/diplomatie.gov.bf\/index.php\/download\/dpen-fiche-de-publication-avp-du-29-septembre-2024\/?wpdmdl=11843&refresh=69d42a2f0f8861775512111\">T\u00e9l\u00e9charger<\/a>\n\n                        <\/td>\n                        \n                    <\/tr>\n                                        <\/tbody>\n        <\/table>\n\n        <div class='text-center'><ul class='pagination wpdm-pagination pagination-centered text-center'><\/ul><\/div>\n    <\/div>\n<\/div>\n\t\t\t\t<\/div>\n\t\t\t\t<\/div>\n\t\t\t\t\t<\/div>\n\t\t\t\t<\/div>\n\t\t\t\t<\/div>\n\t\t","protected":false},"excerpt":{"rendered":"<p>Date de mise \u00e0 jour Titre du document T\u00e9l\u00e9charger 1 avril 2026 Avis de vacances de postes du 31 Mars 2026 484 t\u00e9l\u00e9chargements T\u00e9l\u00e9charger 5 mars 2026 AVIS DE VACANCES DE POSTES &#8211; PUBLICATION DU 28 FEVRIER 2026 85 t\u00e9l\u00e9chargements T\u00e9l\u00e9charger 5 janvier 2026 AVIS DE VACANCES DE POSTES DU 24 DECEMBRE 2025 601 t\u00e9l\u00e9chargements [&hellip;]<\/p>\n","protected":false},"author":9,"featured_media":0,"parent":8564,"menu_order":0,"comment_status":"closed","ping_status":"closed","template":"template\/full-width-template.php","meta":{"footnotes":""},"class_list":["post-11837","page","type-page","status-publish","hentry"],"_links":{"self":[{"href":"https:\/\/diplomatie.gov.bf\/index.php\/wp-json\/wp\/v2\/pages\/11837","targetHints":{"allow":["GET"]}}],"collection":[{"href":"https:\/\/diplomatie.gov.bf\/index.php\/wp-json\/wp\/v2\/pages"}],"about":[{"href":"https:\/\/diplomatie.gov.bf\/index.php\/wp-json\/wp\/v2\/types\/page"}],"author":[{"embeddable":true,"href":"https:\/\/diplomatie.gov.bf\/index.php\/wp-json\/wp\/v2\/users\/9"}],"replies":[{"embeddable":true,"href":"https:\/\/diplomatie.gov.bf\/index.php\/wp-json\/wp\/v2\/comments?post=11837"}],"version-history":[{"count":67,"href":"https:\/\/diplomatie.gov.bf\/index.php\/wp-json\/wp\/v2\/pages\/11837\/revisions"}],"predecessor-version":[{"id":15688,"href":"https:\/\/diplomatie.gov.bf\/index.php\/wp-json\/wp\/v2\/pages\/11837\/revisions\/15688"}],"up":[{"embeddable":true,"href":"https:\/\/diplomatie.gov.bf\/index.php\/wp-json\/wp\/v2\/pages\/8564"}],"wp:attachment":[{"href":"https:\/\/diplomatie.gov.bf\/index.php\/wp-json\/wp\/v2\/media?parent=11837"}],"curies":[{"name":"wp","href":"https:\/\/api.w.org\/{rel}","templated":true}]}}