{"id":11590,"date":"2024-09-25T18:04:01","date_gmt":"2024-09-25T16:04:01","guid":{"rendered":"https:\/\/diplomatie.gov.bf\/?page_id=11590"},"modified":"2024-10-01T19:28:47","modified_gmt":"2024-10-01T17:28:47","slug":"cooperation-bilaterale","status":"publish","type":"page","link":"https:\/\/diplomatie.gov.bf\/index.php\/cooperation-bilaterale\/","title":{"rendered":"Coop\u00e9ration Bilat\u00e9rale"},"content":{"rendered":"\t\t<div data-elementor-type=\"wp-page\" data-elementor-id=\"11590\" class=\"elementor elementor-11590\" data-elementor-post-type=\"page\">\n\t\t\t\t<div data-particle_enable=\"false\" data-particle-mobile-disabled=\"false\" class=\"elementor-element elementor-element-c0687e6 e-flex e-con-boxed e-con e-parent\" data-id=\"c0687e6\" data-element_type=\"container\" data-e-type=\"container\">\n\t\t\t\t\t<div class=\"e-con-inner\">\n\t\t\t\t<div class=\"elementor-element elementor-element-7b2a70d elementor-widget elementor-widget-text-editor\" data-id=\"7b2a70d\" data-element_type=\"widget\" data-e-type=\"widget\" data-settings=\"{&quot;ekit_we_effect_on&quot;:&quot;none&quot;}\" data-widget_type=\"text-editor.default\">\n\t\t\t\t<div class=\"elementor-widget-container\">\n\t\t\t\t\t\t\t\t\t<p>Elle traite de toutes les questions touchant aux relations entre le Burkina Faso et les autres Etats \u00e0 travers la diversification et le raffermissement de ses relations bilat\u00e9rales, l\u2019\u00e9largissement de sa couverture diplomatique et la promotion de la coop\u00e9ration d\u00e9centralis\u00e9e.<\/p><p><span style=\"font-family: var( --e-global-typography-text-font-family ), Sans-serif; font-weight: var( --e-global-typography-text-font-weight );\">La coop\u00e9ration du Burkina Faso se d\u00e9cline en trois (03) actions que sont\u00a0:<\/span><\/p><ul><li><strong>la <\/strong><strong>diversification des partenariats<\/strong> qui se traduit par l\u2019\u00e9largissement et le renforcement des liens d\u2019amiti\u00e9 et de coop\u00e9ration entre le Burkina Faso et les pays amis.<\/li><li><strong>la Coop\u00e9ration d\u00e9centralis\u00e9e qui <\/strong>est consacr\u00e9e \u00e0 la promotion de la coop\u00e9ration d\u00e9centralis\u00e9e, \u00e9conomique, scientifique, technique et culturelle.<\/li><li><strong>la Repr\u00e9sentativit\u00e9 du Burkina Faso <\/strong>qui se traduit par le maillage diplomatique du Burkina Faso dans le monde.<\/li><\/ul><p><strong>L<\/strong><strong>a Coop\u00e9ration bilat\u00e9rale du Burkina Faso avec les autres pays dans le monde<\/strong><\/p><p>La Coop\u00e9ration bilat\u00e9rale est mise en \u0153uvre gr\u00e2ce aux relations diplomatiques que le Burkina Faso entretient avec les Etats \u00e0 travers le monde. En effet, le Burkina Faso a nou\u00e9 des relations diplomatiques avec les 195 Etats reconnus par les Nations Unies. Le pays compte 53 Missions diplomatiques et Postes consulaires dont 38 Ambassades et 15 consulats g\u00e9n\u00e9raux qui couvrent juridiquement l\u2019ensemble de ces 195 pays.\u00a0\u00a0\u00a0\u00a0<\/p><p>A travers les liens d\u2019amiti\u00e9 et le r\u00e9seau diplomatique dont dispose le Burkina Faso, la coop\u00e9ration bilat\u00e9rale se fait principalement via des instances de rencontres que sont les visites officielles, d\u2019Etat et de travail des Chefs d\u2019Etat, des Chefs de gouvernement, des Ministres des Affaires \u00e9trang\u00e8res et \u00e9ventuellement, celles de tout membre de l\u2019ex\u00e9cutif ou de pl\u00e9nipotentiaire. De plus, la coop\u00e9ration bilat\u00e9rale du Burkina Faso est conduite \u00e0 travers des cadres institutionnels de gestion de la coop\u00e9ration et de suivi de la coop\u00e9ration, \u00e0 savoir les concertations politiques les commissions mixtes de coop\u00e9ration, les r\u00e9unions des experts, etc. A cela s\u2019ajoute la promotion de la coop\u00e9ration d\u00e9centralis\u00e9e et de l\u2019intelligence \u00e9conomique.<\/p>\t\t\t\t\t\t\t\t<\/div>\n\t\t\t\t<\/div>\n\t\t\t\t\t<\/div>\n\t\t\t\t<\/div>\n\t\t\t\t<\/div>\n\t\t","protected":false},"excerpt":{"rendered":"<p>Elle traite de toutes les questions touchant aux relations entre le Burkina Faso et les autres Etats \u00e0 travers la diversification et le raffermissement de ses relations bilat\u00e9rales, l\u2019\u00e9largissement de sa couverture diplomatique et la promotion de la coop\u00e9ration d\u00e9centralis\u00e9e. La coop\u00e9ration du Burkina Faso se d\u00e9cline en trois (03) actions que sont\u00a0: la diversification [&hellip;]<\/p>\n","protected":false},"author":9,"featured_media":0,"parent":0,"menu_order":0,"comment_status":"closed","ping_status":"closed","template":"template\/full-width-template.php","meta":{"footnotes":""},"class_list":["post-11590","page","type-page","status-publish","hentry"],"_links":{"self":[{"href":"https:\/\/diplomatie.gov.bf\/index.php\/wp-json\/wp\/v2\/pages\/11590","targetHints":{"allow":["GET"]}}],"collection":[{"href":"https:\/\/diplomatie.gov.bf\/index.php\/wp-json\/wp\/v2\/pages"}],"about":[{"href":"https:\/\/diplomatie.gov.bf\/index.php\/wp-json\/wp\/v2\/types\/page"}],"author":[{"embeddable":true,"href":"https:\/\/diplomatie.gov.bf\/index.php\/wp-json\/wp\/v2\/users\/9"}],"replies":[{"embeddable":true,"href":"https:\/\/diplomatie.gov.bf\/index.php\/wp-json\/wp\/v2\/comments?post=11590"}],"version-history":[{"count":4,"href":"https:\/\/diplomatie.gov.bf\/index.php\/wp-json\/wp\/v2\/pages\/11590\/revisions"}],"predecessor-version":[{"id":11714,"href":"https:\/\/diplomatie.gov.bf\/index.php\/wp-json\/wp\/v2\/pages\/11590\/revisions\/11714"}],"wp:attachment":[{"href":"https:\/\/diplomatie.gov.bf\/index.php\/wp-json\/wp\/v2\/media?parent=11590"}],"curies":[{"name":"wp","href":"https:\/\/api.w.org\/{rel}","templated":true}]}}