{"id":11589,"date":"2024-09-25T18:04:19","date_gmt":"2024-09-25T16:04:19","guid":{"rendered":"https:\/\/diplomatie.gov.bf\/?page_id=11589"},"modified":"2024-10-01T19:43:33","modified_gmt":"2024-10-01T17:43:33","slug":"cooperation-multilaterale","status":"publish","type":"page","link":"https:\/\/diplomatie.gov.bf\/index.php\/cooperation-multilaterale\/","title":{"rendered":"Coop\u00e9ration Multilat\u00e9rale"},"content":{"rendered":"\t\t<div data-elementor-type=\"wp-page\" data-elementor-id=\"11589\" class=\"elementor elementor-11589\" data-elementor-post-type=\"page\">\n\t\t\t\t<div data-particle_enable=\"false\" data-particle-mobile-disabled=\"false\" class=\"elementor-element elementor-element-333ac58 e-flex e-con-boxed e-con e-parent\" data-id=\"333ac58\" data-element_type=\"container\" data-e-type=\"container\">\n\t\t\t\t\t<div class=\"e-con-inner\">\n\t\t\t\t<div class=\"elementor-element elementor-element-29bddb4 elementor-widget elementor-widget-elementskit-heading\" data-id=\"29bddb4\" data-element_type=\"widget\" data-e-type=\"widget\" data-settings=\"{&quot;ekit_we_effect_on&quot;:&quot;none&quot;}\" data-widget_type=\"elementskit-heading.default\">\n\t\t\t\t<div class=\"elementor-widget-container\">\n\t\t\t\t\t<div class=\"ekit-wid-con\" ><div class=\"ekit-heading elementskit-section-title-wraper text_center   ekit_heading_tablet-   ekit_heading_mobile-\"><h2 class=\"ekit-heading--title elementskit-section-title \">La coop\u00e9ration multilat\u00e9rale du Burkina Faso avec le syst\u00e8me des nations unies et les organisations internationales et Interafricaines <\/h2><div class=\"ekit_heading_separetor_wraper ekit_heading_elementskit-border-divider ekit-dotted\"><div class=\"elementskit-border-divider ekit-dotted\"><\/div><\/div><\/div><\/div>\t\t\t\t<\/div>\n\t\t\t\t<\/div>\n\t\t\t\t<div class=\"elementor-element elementor-element-fbf21a8 elementor-widget elementor-widget-text-editor\" data-id=\"fbf21a8\" data-element_type=\"widget\" data-e-type=\"widget\" data-settings=\"{&quot;ekit_we_effect_on&quot;:&quot;none&quot;}\" data-widget_type=\"text-editor.default\">\n\t\t\t\t<div class=\"elementor-widget-container\">\n\t\t\t\t\t\t\t\t\t<h5><strong>I. La coop\u00e9ration multilat\u00e9rale du Burkina Faso avec le syst\u00e8me des nations unies<\/strong><\/h5><p style=\"padding-left: 40px;\">Elle assure le suivi et le traitement de toutes les questions concernant les relations entre le Burkina Faso et l\u2019Organisation des Nations Unies (ONU) et les organisations sp\u00e9cifiques. La Coop\u00e9ration multilat\u00e9rale porte sur la consolidation de la pr\u00e9sence du Burkina Faso sur l\u2019\u00e9chiquier diplomatique international \u00e0 travers la d\u00e9fense de ses int\u00e9r\u00eats au sein des Organisations Internationales.<\/p><ul><li><strong>La coop\u00e9ration multilat\u00e9rale du Burkina Faso se d\u00e9cline en trois (03) actions qui sont\u00a0:<\/strong><\/li><\/ul><ul><li style=\"list-style-type: none;\"><ul><li>Soutien des positions du Burkina Faso dans les Organisations Internationales : elle se traduit par la d\u00e9fense des int\u00e9r\u00eats strat\u00e9giques (politique, \u00e9conomique, socio\u00e9conomique) du Burkina Faso au sein des organisations internationales \u00e0 travers une action diplomatique coordonn\u00e9e et concert\u00e9e avec les structures techniques concern\u00e9es.<\/li><\/ul><\/li><\/ul><ul><li style=\"list-style-type: none;\"><ul><li>Promotion des comp\u00e9tences burkinab\u00e8 dans les Organisations Internationales\u00a0: elle s\u2019op\u00e8re \u00e0 travers la valorisation de l\u2019expertise nationale au plan international.<\/li><li>Paix et S\u00e9curit\u00e9 internationales\u00a0: elle vise \u00e0 contribuer aux efforts de promotion de la paix et de la s\u00e9curit\u00e9 au niveau international et \u00e0 \u00e9valuer la mise en \u0153uvre des recommandations des instances au niveau national.<\/li><\/ul><\/li><\/ul><ul><li><strong>La pr\u00e9sence du Burkina Faso \u00e0 travers les organisations sp\u00e9cifiques du syst\u00e8me des Nations Unies<\/strong><ul><li>La coop\u00e9ration multilat\u00e9rale\u00a0est effective gr\u00e2ce au paiement des contributions dues aux Organisations Internationales (OI), \u00e0 l\u2019expertise au sein des structures relevant du minist\u00e8re en charge des Affaires Etrang\u00e8res et \u00e0 la pr\u00e9sence du Burkina Faso dans certaines OI. Cette pr\u00e9sence active a permis au Burkina Faso d\u2019occuper des postes strat\u00e9giques au sein des OI. Ainsi, le Burkina Faso est membre du Conseil ex\u00e9cutif de l\u2019Organisation des Nations Unies pour l\u2019Education, la Science et la Culture (UNESCO), l\u2019Agence International de l\u2019Energie Atomique (AIEA). Il occupe \u00e9galement des si\u00e8ges dans certaines Organisations Internationales telles que la Commission du droit international des Nations Unies, l\u2019Organisation m\u00e9t\u00e9orologique mondiale, et le Comit\u00e9 des travailleurs migrants.<\/li><\/ul><\/li><\/ul><p>\u00a0<\/p><h5>II. <strong>Coop\u00e9ration multilat\u00e9rale du Burkina Faso avec les organisations Interafricaines<\/strong><\/h5><ul><li><strong>Organisations Africaines et sous r\u00e9gionales<\/strong><ul><li>La Coop\u00e9ration multilat\u00e9rale du Burkina Faso avec les organisations sous r\u00e9gionales et interafricaines porte sur la d\u00e9fense des int\u00e9r\u00eats du Burkina Faso au sein des organisations d\u2019int\u00e9gration africaine et vise la facilitation de la mise en \u0153uvre des programmes et politiques d\u2019int\u00e9gration africaine. Elle a pour objectif strat\u00e9gique de promouvoir l\u2019int\u00e9gration africaine.<\/li><li>Cette Coop\u00e9ration multilat\u00e9rale avec les organisations sous r\u00e9gionale et interafricaines doit permettre au Burkina Faso d\u2019une part, de contribuer significativement au processus d\u2019int\u00e9gration enclench\u00e9e sur le continent africain et d\u2019autre part, de tirer le maximum de projets int\u00e9grateurs pour le pays. Ce qui appelle \u00e0 renforcer la participation du Burkina Faso aux instances des organisations d\u2019int\u00e9gration africaine, \u00e0 veiller \u00e0 la mise en \u0153uvre des politiques d\u2019int\u00e9gration africaine sur le plan national et \u00e0 assurer le suivi-\u00e9valuation des politiques d\u2019int\u00e9gration africaine.<\/li><\/ul><\/li><\/ul><p>\u00a0<\/p><p>La Coop\u00e9ration multilat\u00e9rale du Burkina Faso avec les organisations sous r\u00e9gionales et interafricaines se d\u00e9cline en trois (03) actions\u00a0:<\/p><ul><li><strong>Coordination et Suivi de la coop\u00e9ration africaine <\/strong><ul><li>La coordination des actions d\u2019int\u00e9gration appelle \u00e0 une synergie d\u2019actions de toutes les structures au niveau national qui interviennent dans la promotion et la mise en \u0153uvre des diff\u00e9rents programmes et politiques initi\u00e9s par les Organisations r\u00e9gionales et sous-r\u00e9gionales en faveur de l\u2019int\u00e9gration.<\/li><li>Aussi, cette action permet de d\u00e9fendre la position du Burkina Faso et de faire valoir les int\u00e9r\u00eats nationaux dans la prise de d\u00e9cision au niveau de ces Organisations r\u00e9gionales, transr\u00e9gionales et sous &#8211; r\u00e9gionales.<\/li><\/ul><\/li><li><strong>Mise en \u0153uvre des mesures communautaires<\/strong><ul><li>Cette action consiste \u00e0 faire la promotion de l\u2019int\u00e9gration et \u00e0 assurer au niveau national, le suivi des mesures et politiques adopt\u00e9es par les Organisations d\u2019int\u00e9gration. Elle doit permettre au Burkina Faso de tirer profit de son appartenance aux Organisations d\u2019int\u00e9gration en termes de projets et programmes int\u00e9grateurs.<\/li><\/ul><\/li><li><strong>R\u00e9formes majeures initi\u00e9es par le par Burkina Faso<\/strong><\/li><\/ul><ul><li style=\"list-style-type: none;\"><ul><li>Le Burkina Faso \u00e0 travers le Minist\u00e8re des Affaires Etrang\u00e8res consacre la poursuite des efforts en mati\u00e8re de promotion d\u2019int\u00e9gration africaine. Il a \u00e9t\u00e9 initi\u00e9 depuis 2021 l\u2019\u00e9laboration d\u2019une Strat\u00e9gie nationale de l\u2019Int\u00e9gration africaine qui a \u00e9t\u00e9 suspendue pour tenir compte de la nouvelle configuration sous-r\u00e9gionale marqu\u00e9e par le retrait du Burkina Faso de la CEDEAO et la cr\u00e9ation de l\u2019AES. La reprise de l\u2019\u00e9laboration de la strat\u00e9gie nationale de l\u2019int\u00e9gration africaine viendrait en appui dans la coordination nationale des actions d\u2019int\u00e9gration.<\/li><\/ul><\/li><\/ul><p>\u00a0<\/p>\t\t\t\t\t\t\t\t<\/div>\n\t\t\t\t<\/div>\n\t\t\t\t\t<\/div>\n\t\t\t\t<\/div>\n\t\t\t\t<\/div>\n\t\t","protected":false},"excerpt":{"rendered":"<p>La coop\u00e9ration multilat\u00e9rale du Burkina Faso avec le syst\u00e8me des nations unies et les organisations internationales et Interafricaines I. La coop\u00e9ration multilat\u00e9rale du Burkina Faso avec le syst\u00e8me des nations unies Elle assure le suivi et le traitement de toutes les questions concernant les relations entre le Burkina Faso et l\u2019Organisation des Nations Unies (ONU) [&hellip;]<\/p>\n","protected":false},"author":9,"featured_media":0,"parent":0,"menu_order":0,"comment_status":"closed","ping_status":"closed","template":"template\/full-width-template.php","meta":{"footnotes":""},"class_list":["post-11589","page","type-page","status-publish","hentry"],"_links":{"self":[{"href":"https:\/\/diplomatie.gov.bf\/index.php\/wp-json\/wp\/v2\/pages\/11589","targetHints":{"allow":["GET"]}}],"collection":[{"href":"https:\/\/diplomatie.gov.bf\/index.php\/wp-json\/wp\/v2\/pages"}],"about":[{"href":"https:\/\/diplomatie.gov.bf\/index.php\/wp-json\/wp\/v2\/types\/page"}],"author":[{"embeddable":true,"href":"https:\/\/diplomatie.gov.bf\/index.php\/wp-json\/wp\/v2\/users\/9"}],"replies":[{"embeddable":true,"href":"https:\/\/diplomatie.gov.bf\/index.php\/wp-json\/wp\/v2\/comments?post=11589"}],"version-history":[{"count":40,"href":"https:\/\/diplomatie.gov.bf\/index.php\/wp-json\/wp\/v2\/pages\/11589\/revisions"}],"predecessor-version":[{"id":11753,"href":"https:\/\/diplomatie.gov.bf\/index.php\/wp-json\/wp\/v2\/pages\/11589\/revisions\/11753"}],"wp:attachment":[{"href":"https:\/\/diplomatie.gov.bf\/index.php\/wp-json\/wp\/v2\/media?parent=11589"}],"curies":[{"name":"wp","href":"https:\/\/api.w.org\/{rel}","templated":true}]}}