{"id":11167,"date":"2024-09-05T17:11:07","date_gmt":"2024-09-05T15:11:07","guid":{"rendered":"https:\/\/diplomatie.gov.bf\/?page_id=11167"},"modified":"2024-09-05T17:22:14","modified_gmt":"2024-09-05T15:22:14","slug":"plan-du-site","status":"publish","type":"page","link":"https:\/\/diplomatie.gov.bf\/index.php\/plan-du-site\/","title":{"rendered":"Plan du site"},"content":{"rendered":"\t\t<div data-elementor-type=\"wp-page\" data-elementor-id=\"11167\" class=\"elementor elementor-11167\" data-elementor-post-type=\"page\">\n\t\t\t\t<div data-particle_enable=\"false\" data-particle-mobile-disabled=\"false\" class=\"elementor-element elementor-element-d40f44a elementor-hidden-desktop elementor-hidden-tablet elementor-hidden-mobile e-flex e-con-boxed e-con e-parent\" data-id=\"d40f44a\" data-element_type=\"container\" data-e-type=\"container\">\n\t\t\t\t\t<div class=\"e-con-inner\">\n\t\t\t\t<div class=\"elementor-element elementor-element-6ab21a2 elementor-widget elementor-widget-sitemap\" data-id=\"6ab21a2\" data-element_type=\"widget\" data-e-type=\"widget\" data-settings=\"{&quot;ekit_we_effect_on&quot;:&quot;none&quot;}\" data-widget_type=\"sitemap.default\">\n\t\t\t\t<div class=\"elementor-widget-container\">\n\t\t\t\t\t<div class=\"elementor-sitemap-wrap\"><div class=\"elementor-sitemap-section\"><h2 class=\"elementor-sitemap-title elementor-sitemap-page-title\">Les pages<\/h2><ul class=\"elementor-sitemap-list elementor-sitemap-page-list\"><li class=\"elementor-sitemap-item elementor-sitemap-item-page page_item page-item-15547\"><a href=\"https:\/\/diplomatie.gov.bf\/\">Acceuil<\/a><\/li><li class=\"elementor-sitemap-item elementor-sitemap-item-page page_item page-item-15384\"><a href=\"https:\/\/diplomatie.gov.bf\/index.php\/page-test-12-13-2025\/\">Page Test 12-13-2025<\/a><\/li><li class=\"elementor-sitemap-item elementor-sitemap-item-page page_item page-item-14663\"><a href=\"https:\/\/diplomatie.gov.bf\/index.php\/investir-au-burkina-faso\/\">Investir au Burkina Faso<\/a><\/li><li class=\"elementor-sitemap-item elementor-sitemap-item-page page_item page-item-14254\"><a href=\"https:\/\/diplomatie.gov.bf\/index.php\/aucun-acces\/\">Aucun acc\u00e8s<\/a><\/li><li class=\"elementor-sitemap-item elementor-sitemap-item-page page_item page-item-13851\"><a href=\"https:\/\/diplomatie.gov.bf\/index.php\/textes\/autres-documents\/\">Autres documents<\/a><\/li><li class=\"elementor-sitemap-item elementor-sitemap-item-page page_item page-item-12869\"><a href=\"https:\/\/diplomatie.gov.bf\/index.php\/grands-projets\/\">Grands dossiers<\/a><\/li><li class=\"elementor-sitemap-item elementor-sitemap-item-page page_item page-item-12493\"><a href=\"https:\/\/diplomatie.gov.bf\/index.php\/responsables\/\">Responsables<\/a><\/li><li class=\"elementor-sitemap-item elementor-sitemap-item-page page_item page-item-11900\"><a href=\"https:\/\/diplomatie.gov.bf\/index.php\/mentions-legales\/\">Mentions l\u00e9gales<\/a><\/li><li class=\"elementor-sitemap-item elementor-sitemap-item-page page_item page-item-11872\"><a href=\"https:\/\/diplomatie.gov.bf\/index.php\/associations-et-organisations\/\">Associations Et Organisations<\/a><\/li><li class=\"elementor-sitemap-item elementor-sitemap-item-page page_item page-item-11837\"><a href=\"https:\/\/diplomatie.gov.bf\/index.php\/annonces\/avis-de-vacances-de-postes\/\">Avis de vacances de postes<\/a><\/li><li class=\"elementor-sitemap-item elementor-sitemap-item-page page_item page-item-11676\"><a href=\"https:\/\/diplomatie.gov.bf\/index.php\/loginpress\/\">LoginPress<\/a><\/li><li class=\"elementor-sitemap-item elementor-sitemap-item-page page_item page-item-11589\"><a href=\"https:\/\/diplomatie.gov.bf\/index.php\/cooperation-multilaterale\/\">Coop\u00e9ration Multilat\u00e9rale<\/a><\/li><li class=\"elementor-sitemap-item elementor-sitemap-item-page page_item page-item-11590\"><a href=\"https:\/\/diplomatie.gov.bf\/index.php\/cooperation-bilaterale\/\">Coop\u00e9ration Bilat\u00e9rale<\/a><\/li><li class=\"elementor-sitemap-item elementor-sitemap-item-page page_item page-item-11399\"><a href=\"https:\/\/diplomatie.gov.bf\/index.php\/communiques\/\">Communiqu\u00e9s<\/a><\/li><li class=\"elementor-sitemap-item elementor-sitemap-item-page page_item page-item-11397\"><a href=\"https:\/\/diplomatie.gov.bf\/index.php\/emplois-et-carrieres\/\">Emplois et Carri\u00e8res<\/a><\/li><li class=\"elementor-sitemap-item elementor-sitemap-item-page page_item page-item-11167\"><a href=\"https:\/\/diplomatie.gov.bf\/index.php\/plan-du-site\/\">Plan du site<\/a><\/li><li class=\"elementor-sitemap-item elementor-sitemap-item-page page_item page-item-10617\"><a href=\"https:\/\/diplomatie.gov.bf\/index.php\/accueil\/\">Accueil<\/a><\/li><li class=\"elementor-sitemap-item elementor-sitemap-item-page page_item page-item-9952\"><a href=\"https:\/\/diplomatie.gov.bf\/index.php\/anciens-ministres\/\">Anciens Ministres<\/a><\/li><li class=\"elementor-sitemap-item elementor-sitemap-item-page page_item page-item-9848\"><a href=\"https:\/\/diplomatie.gov.bf\/index.php\/attributions\/\">Attributions<\/a><\/li><li class=\"elementor-sitemap-item elementor-sitemap-item-page page_item page-item-9403\"><a href=\"https:\/\/diplomatie.gov.bf\/index.php\/gd-details\/\">GD Details<\/a><\/li><li class=\"elementor-sitemap-item elementor-sitemap-item-page page_item page-item-9402\"><a href=\"https:\/\/diplomatie.gov.bf\/index.php\/gd-archive-item\/\">GD Archive Item<\/a><\/li><li class=\"elementor-sitemap-item elementor-sitemap-item-page page_item page-item-9401\"><a href=\"https:\/\/diplomatie.gov.bf\/index.php\/gd-archive\/\">GD Archive<\/a><\/li><li class=\"elementor-sitemap-item elementor-sitemap-item-page page_item page-item-9400\"><a href=\"https:\/\/diplomatie.gov.bf\/index.php\/location\/\">Location<\/a><\/li><li class=\"elementor-sitemap-item elementor-sitemap-item-page page_item page-item-9399\"><a href=\"https:\/\/diplomatie.gov.bf\/index.php\/terms-and-conditions\/\">Terms and Conditions<\/a><\/li><li class=\"elementor-sitemap-item elementor-sitemap-item-page page_item page-item-9398\"><a href=\"https:\/\/diplomatie.gov.bf\/index.php\/search\/\">Search page<\/a><\/li><li class=\"elementor-sitemap-item elementor-sitemap-item-page page_item page-item-9397\"><a href=\"https:\/\/diplomatie.gov.bf\/index.php\/add-listing\/\">Add Listing<\/a><\/li><li class=\"elementor-sitemap-item elementor-sitemap-item-page page_item page-item-9378\"><a href=\"https:\/\/diplomatie.gov.bf\/index.php\/phototheques\/\">Phototh\u00e8ques<\/a><\/li><li class=\"elementor-sitemap-item elementor-sitemap-item-page page_item page-item-9379\"><a href=\"https:\/\/diplomatie.gov.bf\/index.php\/videotheques\/\">M\u00e9diath\u00e8que<\/a><\/li><li class=\"elementor-sitemap-item elementor-sitemap-item-page page_item page-item-8793\"><a href=\"https:\/\/diplomatie.gov.bf\/index.php\/biographie-du-ministre-delegue\/\">Biographie du Ministre d\u00e9l\u00e9gu\u00e9<\/a><\/li><li class=\"elementor-sitemap-item elementor-sitemap-item-page page_item page-item-8737\"><a href=\"https:\/\/diplomatie.gov.bf\/index.php\/biographie-du-ministre\/\">Biographie du Ministre<\/a><\/li><li class=\"elementor-sitemap-item elementor-sitemap-item-page page_item page-item-8600\"><a href=\"https:\/\/diplomatie.gov.bf\/index.php\/textes\/accord\/\">Accord<\/a><\/li><li class=\"elementor-sitemap-item elementor-sitemap-item-page page_item page-item-8601\"><a href=\"https:\/\/diplomatie.gov.bf\/index.php\/textes\/arrete\/\">Arr\u00eat\u00e9<\/a><\/li><li class=\"elementor-sitemap-item elementor-sitemap-item-page page_item page-item-8602\"><a href=\"https:\/\/diplomatie.gov.bf\/index.php\/textes\/convention\/\">Conventions<\/a><\/li><li class=\"elementor-sitemap-item elementor-sitemap-item-page page_item page-item-8603\"><a href=\"https:\/\/diplomatie.gov.bf\/index.php\/textes\/decret\/\">D\u00e9cret<\/a><\/li><li class=\"elementor-sitemap-item elementor-sitemap-item-page page_item page-item-8604\"><a href=\"https:\/\/diplomatie.gov.bf\/index.php\/textes\/loi\/\">Loi<\/a><\/li><li class=\"elementor-sitemap-item elementor-sitemap-item-page page_item page-item-8564\"><a href=\"https:\/\/diplomatie.gov.bf\/index.php\/annonces\/\">Annonces<\/a><\/li><li class=\"elementor-sitemap-item elementor-sitemap-item-page page_item page-item-8377\"><a href=\"https:\/\/diplomatie.gov.bf\/index.php\/missions\/\">Missions<\/a><\/li><li class=\"elementor-sitemap-item elementor-sitemap-item-page page_item page-item-8375\"><a href=\"https:\/\/diplomatie.gov.bf\/index.php\/organisation\/\">Organisation<\/a><\/li><li class=\"elementor-sitemap-item elementor-sitemap-item-page page_item page-item-2\"><a href=\"https:\/\/diplomatie.gov.bf\/index.php\/page-d-exemple\/\">Page d\u2019exemple<\/a><\/li><li class=\"elementor-sitemap-item elementor-sitemap-item-page page_item page-item-7422\"><a href=\"https:\/\/diplomatie.gov.bf\/index.php\/booking\/\">Booking<\/a><\/li><li class=\"elementor-sitemap-item elementor-sitemap-item-page page_item page-item-7362\"><a href=\"https:\/\/diplomatie.gov.bf\/index.php\/seminar-lists\/\">Seminar Lists<\/a><\/li><li class=\"elementor-sitemap-item elementor-sitemap-item-page page_item page-item-7329\"><a href=\"https:\/\/diplomatie.gov.bf\/index.php\/book-appoinment-home\/\">Book Appoinment Home<\/a><\/li><li class=\"elementor-sitemap-item elementor-sitemap-item-page page_item page-item-7081\"><a href=\"https:\/\/diplomatie.gov.bf\/index.php\/insurance-plan-single-page\/\">insurance plan single page<\/a><\/li><li class=\"elementor-sitemap-item elementor-sitemap-item-page page_item page-item-4763\"><a href=\"https:\/\/diplomatie.gov.bf\/index.php\/home-7\/\">Home 7<\/a><\/li><li class=\"elementor-sitemap-item elementor-sitemap-item-page page_item page-item-2352\"><a href=\"https:\/\/diplomatie.gov.bf\/index.php\/case-study\/\">Case Study<\/a><\/li><li class=\"elementor-sitemap-item elementor-sitemap-item-page page_item page-item-2288\"><a href=\"https:\/\/diplomatie.gov.bf\/index.php\/representations-diplomatiques\/\">Repr\u00e9sentations Diplomatiques<\/a><\/li><li class=\"elementor-sitemap-item elementor-sitemap-item-page page_item page-item-2273\"><a href=\"https:\/\/diplomatie.gov.bf\/index.php\/service-2\/\">Service 2<\/a><\/li><li class=\"elementor-sitemap-item elementor-sitemap-item-page page_item page-item-2258\"><a href=\"https:\/\/diplomatie.gov.bf\/index.php\/textes\/\">Textes<\/a><\/li><li class=\"elementor-sitemap-item elementor-sitemap-item-page page_item page-item-2229\"><a href=\"https:\/\/diplomatie.gov.bf\/index.php\/services-au-public\/\">Services au public<\/a><\/li><li class=\"elementor-sitemap-item elementor-sitemap-item-page page_item page-item-2180\"><a href=\"https:\/\/diplomatie.gov.bf\/index.php\/mot-de-bienvenu-du-ministre\/\">Mot de Bienvenu du Ministre<\/a><\/li><li class=\"elementor-sitemap-item elementor-sitemap-item-page page_item page-item-1887\"><a href=\"https:\/\/diplomatie.gov.bf\/index.php\/home-2\/\">Home 2<\/a><\/li><li class=\"elementor-sitemap-item elementor-sitemap-item-page page_item page-item-1698\"><a href=\"https:\/\/diplomatie.gov.bf\/index.php\/home-5\/\">Home 5<\/a><\/li><li class=\"elementor-sitemap-item elementor-sitemap-item-page page_item page-item-1576\"><a href=\"https:\/\/diplomatie.gov.bf\/index.php\/home-4\/\">Home 4<\/a><\/li><li class=\"elementor-sitemap-item elementor-sitemap-item-page page_item page-item-1420\"><a href=\"https:\/\/diplomatie.gov.bf\/index.php\/home-3\/\">Home 3<\/a><\/li><li class=\"elementor-sitemap-item elementor-sitemap-item-page page_item page-item-998\"><a href=\"https:\/\/diplomatie.gov.bf\/index.php\/home-6\/\">Home 6<\/a><\/li><li class=\"elementor-sitemap-item elementor-sitemap-item-page page_item page-item-117\"><a href=\"https:\/\/diplomatie.gov.bf\/index.php\/team\/\">Team<\/a><\/li><li class=\"elementor-sitemap-item elementor-sitemap-item-page page_item page-item-114\"><a href=\"https:\/\/diplomatie.gov.bf\/index.php\/pricing\/\">Pricing<\/a><\/li><li class=\"elementor-sitemap-item elementor-sitemap-item-page page_item page-item-111\"><a href=\"https:\/\/diplomatie.gov.bf\/index.php\/faq\/\">Faq<\/a><\/li><li class=\"elementor-sitemap-item elementor-sitemap-item-page page_item page-item-105\"><a href=\"https:\/\/diplomatie.gov.bf\/index.php\/contact\/\">Contact<\/a><\/li><li class=\"elementor-sitemap-item elementor-sitemap-item-page page_item page-item-102\"><a href=\"https:\/\/diplomatie.gov.bf\/index.php\/blog\/\">Actualit\u00e9s<\/a><\/li><li class=\"elementor-sitemap-item elementor-sitemap-item-page page_item page-item-7460\"><a href=\"https:\/\/diplomatie.gov.bf\/index.php\/home\/\">Home<\/a><\/li><li class=\"elementor-sitemap-item elementor-sitemap-item-page page_item page-item-7958\"><a href=\"https:\/\/diplomatie.gov.bf\/index.php\/sample-page\/\">Sample Page<\/a><\/li><\/ul><\/div><div class=\"elementor-sitemap-section\"><h2 class=\"elementor-sitemap-title elementor-sitemap-category-title\">Les rubriques<\/h2><ul class=\"elementor-sitemap-list elementor-sitemap-category-list\">\t<li class=\"elementor-sitemap-item elementor-sitemap-item-category cat-item cat-item-23\"><a href=\"https:\/\/diplomatie.gov.bf\/index.php\/category\/services-au-public\/\">Services au public<\/a>\n<\/li>\n\t<li class=\"elementor-sitemap-item elementor-sitemap-item-category cat-item cat-item-65\"><a href=\"https:\/\/diplomatie.gov.bf\/index.php\/category\/post\/\">Post<\/a>\n<\/li>\n\t<li class=\"elementor-sitemap-item elementor-sitemap-item-category cat-item cat-item-56\"><a href=\"https:\/\/diplomatie.gov.bf\/index.php\/category\/phototheque\/\">Phototh\u00e8que<\/a>\n<\/li>\n\t<li class=\"elementor-sitemap-item elementor-sitemap-item-category cat-item cat-item-1\"><a href=\"https:\/\/diplomatie.gov.bf\/index.php\/category\/non-classe\/\">Non class\u00e9<\/a>\n<\/li>\n\t<li class=\"elementor-sitemap-item elementor-sitemap-item-category cat-item cat-item-5\"><a href=\"https:\/\/diplomatie.gov.bf\/index.php\/category\/projets\/\">Dossiers<\/a>\n<\/li>\n\t<li class=\"elementor-sitemap-item elementor-sitemap-item-category cat-item cat-item-50\"><a href=\"https:\/\/diplomatie.gov.bf\/index.php\/category\/annonces\/communiques\/\">Communiqu\u00e9s<\/a>\n<\/li>\n\t<li class=\"elementor-sitemap-item elementor-sitemap-item-category cat-item cat-item-22\"><a href=\"https:\/\/diplomatie.gov.bf\/index.php\/category\/annonces\/\">Annonces<\/a>\n<\/li>\n\t<li class=\"elementor-sitemap-item elementor-sitemap-item-category cat-item cat-item-64\"><a href=\"https:\/\/diplomatie.gov.bf\/index.php\/category\/projets\/alliance-des-etats-du-sahel-aes\/\">Alliance des Etats du Sahel (AES)<\/a>\n<\/li>\n\t<li class=\"elementor-sitemap-item elementor-sitemap-item-category cat-item cat-item-21\"><a href=\"https:\/\/diplomatie.gov.bf\/index.php\/category\/actualites\/\">Actualit\u00e9s<\/a>\n<\/li>\n<\/ul><\/div><\/div>\t\t\t\t<\/div>\n\t\t\t\t<\/div>\n\t\t\t\t\t<\/div>\n\t\t\t\t<\/div>\n\t\t\t\t<\/div>\n\t\t","protected":false},"excerpt":{"rendered":"","protected":false},"author":9,"featured_media":0,"parent":0,"menu_order":0,"comment_status":"closed","ping_status":"closed","template":"elementor_header_footer","meta":{"footnotes":""},"class_list":["post-11167","page","type-page","status-publish","hentry"],"_links":{"self":[{"href":"https:\/\/diplomatie.gov.bf\/index.php\/wp-json\/wp\/v2\/pages\/11167","targetHints":{"allow":["GET"]}}],"collection":[{"href":"https:\/\/diplomatie.gov.bf\/index.php\/wp-json\/wp\/v2\/pages"}],"about":[{"href":"https:\/\/diplomatie.gov.bf\/index.php\/wp-json\/wp\/v2\/types\/page"}],"author":[{"embeddable":true,"href":"https:\/\/diplomatie.gov.bf\/index.php\/wp-json\/wp\/v2\/users\/9"}],"replies":[{"embeddable":true,"href":"https:\/\/diplomatie.gov.bf\/index.php\/wp-json\/wp\/v2\/comments?post=11167"}],"version-history":[{"count":25,"href":"https:\/\/diplomatie.gov.bf\/index.php\/wp-json\/wp\/v2\/pages\/11167\/revisions"}],"predecessor-version":[{"id":11202,"href":"https:\/\/diplomatie.gov.bf\/index.php\/wp-json\/wp\/v2\/pages\/11167\/revisions\/11202"}],"wp:attachment":[{"href":"https:\/\/diplomatie.gov.bf\/index.php\/wp-json\/wp\/v2\/media?parent=11167"}],"curies":[{"name":"wp","href":"https:\/\/api.w.org\/{rel}","templated":true}]}}